{"id":912,"date":"2023-03-03T09:32:45","date_gmt":"2023-03-03T09:32:45","guid":{"rendered":"https:\/\/www.gavias-theme.com\/wp\/indutri\/?post_type=product&#038;p=912"},"modified":"2025-05-19T19:20:22","modified_gmt":"2025-05-19T19:20:22","slug":"doosan-mynx-nm-510","status":"publish","type":"product","link":"https:\/\/saho-maschinen.de\/pl\/verkauf\/doosan-mynx-nm-510\/","title":{"rendered":"DOOSAN Mynx NM 510"},"content":{"rendered":"<p><strong>Typ maszyny<\/strong><br \/>\nDoosan Minx NM 510<br \/>\nRok produkcji 2007<br \/>\nSterowanie Fanuc Seria Oi-MC\u00a0<strong>Podr\u0119cznik Przewodnik i<\/strong>\u00a0(elektr. ko\u0142o r\u0119czne)<br \/>\nPodr\u00f3\u017c X-1020mm , Y-510mm , Z-625mm<\/p>\n<p><strong>Wrzeciono robocze:<\/strong><br \/>\nPr\u0119dko\u015b\u0107 obrotowa wrzeciona maks. 8000 obr.<br \/>\nUchwyt narz\u0119dziowy SK40<\/p>\n<p><strong>Magazyn narz\u0119dzi:<\/strong><br \/>\nLiczba miejsc na narz\u0119dzia 24<\/p>\n<p><strong>Akcesoria:<\/strong><br \/>\nWewn\u0119trzne doprowadzenie ch\u0142odziwa<br \/>\nPrzeno\u015bnik wi\u00f3r\u00f3w<br \/>\nDokumentacja, dokumenty maszynowe<\/p>","protected":false},"excerpt":{"rendered":"<p>DOOSAN Mynx NM 510 to precyzyjna i wysokowydajna frezarka CNC, kt\u00f3ra idealnie nadaje si\u0119 do szerokiego zakresu zastosowa\u0144. Dzi\u0119ki du\u017cemu zakresowi roboczemu, mocnemu silnikowi wrzeciona i zaawansowanym opcjom sterowania, maszyna ta oferuje maksymaln\u0105 precyzj\u0119 i wydajno\u015b\u0107.<\/p>","protected":false},"featured_media":12128,"comment_status":"open","ping_status":"closed","template":"","meta":{"om_disable_all_campaigns":false},"product_cat":[97],"product_tag":[],"aioseo_notices":[],"jetpack_sharing_enabled":true,"_links":{"self":[{"href":"https:\/\/saho-maschinen.de\/pl\/wp-json\/wp\/v2\/product\/912"}],"collection":[{"href":"https:\/\/saho-maschinen.de\/pl\/wp-json\/wp\/v2\/product"}],"about":[{"href":"https:\/\/saho-maschinen.de\/pl\/wp-json\/wp\/v2\/types\/product"}],"replies":[{"embeddable":true,"href":"https:\/\/saho-maschinen.de\/pl\/wp-json\/wp\/v2\/comments?post=912"}],"wp:featuredmedia":[{"embeddable":true,"href":"https:\/\/saho-maschinen.de\/pl\/wp-json\/wp\/v2\/media\/12128"}],"wp:attachment":[{"href":"https:\/\/saho-maschinen.de\/pl\/wp-json\/wp\/v2\/media?parent=912"}],"wp:term":[{"taxonomy":"product_cat","embeddable":true,"href":"https:\/\/saho-maschinen.de\/pl\/wp-json\/wp\/v2\/product_cat?post=912"},{"taxonomy":"product_tag","embeddable":true,"href":"https:\/\/saho-maschinen.de\/pl\/wp-json\/wp\/v2\/product_tag?post=912"}],"curies":[{"name":"wp","href":"https:\/\/api.w.org\/{rel}","templated":true}]}}