{"id":721,"date":"2023-03-03T02:55:39","date_gmt":"2023-03-03T02:55:39","guid":{"rendered":"https:\/\/www.gavias-theme.com\/wp\/indutri\/?post_type=product&#038;p=721"},"modified":"2025-05-20T07:28:08","modified_gmt":"2025-05-20T07:28:08","slug":"deckel-maho-dmc-635-v","status":"publish","type":"product","link":"https:\/\/saho-maschinen.de\/pl\/verkauf\/deckel-maho-dmc-635-v\/","title":{"rendered":"Pokrywa Maho DMC 635 V"},"content":{"rendered":"<p><a><strong>Dane techniczne:<\/strong><br \/>\n- Pokrywa Maho DMC 635V<br \/>\n- Rok produkcji 2010<br \/>\n- Sterowanie Heidenhain iTNC 530 DMG ERGOline<\/a><\/p>\n<p><strong>Miejsce pracy:<\/strong><br \/>\n- X = 635mm , Y = 510mm , Z = 460mm<\/p>\n<p><strong>Wrzeciono robocze:<\/strong><br \/>\n- Pr\u0119dko\u015b\u0107 obrotowa wrzeciona maks. 10000 obr.<br \/>\n- Uchwyt narz\u0119dziowy SK40<br \/>\n- Ch\u0142odzenie wrzeciona<\/p>\n<p><strong>Automatyka:<\/strong><br \/>\n- System pomiaru drogi bezpo\u015bredniej X-Y-Z wraz z powietrzem uszczelniaj\u0105cym dla system\u00f3w pomiarowych<br \/>\n- Sonda na podczerwie\u0144 Renishaw PP60 optyczna (OMP60)<br \/>\n- Pomiar narz\u0119dzi Blum, pomiar d\u0142ugo\u015bci i \u015brednicy narz\u0119dzia<br \/>\nAutomatyczne czyszczenie za pomoc\u0105 zewn\u0119trznego strumienia powietrza<br \/>\n- Trzpie\u0144 kalibracyjny z uchwytem narz\u0119dziowym<\/p>\n<p><strong>Przeno\u015bnik wi\u00f3r\u00f3w:<\/strong><br \/>\n- Konstrukcja przeno\u015bnika wi\u00f3r\u00f3w z ta\u015bm\u0105 zgrzeb\u0142ow\u0105<\/p>\n<p><strong>System filtr\u00f3w ta\u015bmowych:<\/strong><br \/>\n- Wewn\u0119trzne zasilanie ch\u0142odziwa z papierowym filtrem ta\u015bmowym 20 Bar \/ 600L. Zbiornik<\/p>\n<p><strong>Magazyn narz\u0119dzi:<\/strong><br \/>\n- Liczba miejsc na narz\u0119dzia 30<br \/>\n- Czas wymiany narz\u0119dzia 1,6 s<\/p>\n<p><strong>Projekt tabeli:<\/strong><br \/>\n- Tabela powierzchni mocowania 560 x 790mm<br \/>\n- Max. Obci\u0105\u017cenie sto\u0142u 600 kg<\/p>\n<p><strong>Godziny pracy:<\/strong><br \/>\n- Maszyna a 14443 std.<br \/>\n- Wrzeciono a 5508 std.<\/p>","protected":false},"excerpt":{"rendered":"<p>Deckel Maho DMC 635 V to wydajna frezarka CNC, kt\u00f3ra przekonuje wysok\u0105 precyzj\u0105 i elastyczno\u015bci\u0105. Nadaje si\u0119 szczeg\u00f3lnie do obr\u00f3bki cz\u0119\u015bci metalowych i z tworzyw sztucznych w produkcji jednostkowej i seryjnej.<\/p>","protected":false},"featured_media":12070,"comment_status":"open","ping_status":"closed","template":"","meta":{"om_disable_all_campaigns":false},"product_cat":[97],"product_tag":[],"aioseo_notices":[],"jetpack_sharing_enabled":true,"_links":{"self":[{"href":"https:\/\/saho-maschinen.de\/pl\/wp-json\/wp\/v2\/product\/721"}],"collection":[{"href":"https:\/\/saho-maschinen.de\/pl\/wp-json\/wp\/v2\/product"}],"about":[{"href":"https:\/\/saho-maschinen.de\/pl\/wp-json\/wp\/v2\/types\/product"}],"replies":[{"embeddable":true,"href":"https:\/\/saho-maschinen.de\/pl\/wp-json\/wp\/v2\/comments?post=721"}],"wp:featuredmedia":[{"embeddable":true,"href":"https:\/\/saho-maschinen.de\/pl\/wp-json\/wp\/v2\/media\/12070"}],"wp:attachment":[{"href":"https:\/\/saho-maschinen.de\/pl\/wp-json\/wp\/v2\/media?parent=721"}],"wp:term":[{"taxonomy":"product_cat","embeddable":true,"href":"https:\/\/saho-maschinen.de\/pl\/wp-json\/wp\/v2\/product_cat?post=721"},{"taxonomy":"product_tag","embeddable":true,"href":"https:\/\/saho-maschinen.de\/pl\/wp-json\/wp\/v2\/product_tag?post=721"}],"curies":[{"name":"wp","href":"https:\/\/api.w.org\/{rel}","templated":true}]}}