{"id":717,"date":"2023-03-03T02:39:51","date_gmt":"2023-03-03T02:39:51","guid":{"rendered":"https:\/\/www.gavias-theme.com\/wp\/indutri\/?post_type=product&#038;p=717"},"modified":"2025-05-19T20:49:00","modified_gmt":"2025-05-19T20:49:00","slug":"deckel-maho-dmu-50-evo-linear","status":"publish","type":"product","link":"https:\/\/saho-maschinen.de\/pl\/verkauf\/deckel-maho-dmu-50-evo-linear\/","title":{"rendered":"Pokrywa Maho DMU 50 eVo Linear"},"content":{"rendered":"<p><strong>Dane techniczne:<\/strong><\/p>\n<p><strong>Typ maszyny:<\/strong><br \/>\n- DMU 50 eVo Linear 5-osiowa obr\u00f3bka SIMULTAN<br \/>\n- Rok budowy 2011 (oddanie do u\u017cytku 2012)<br \/>\n- Podr\u00f3\u017c X-500mm, Y-450mm, Z-400mm<\/p>\n<p><strong>Kontrola:<\/strong><br \/>\n- Sterowanie Heidenhain iTNC 530 HCSI<br \/>\n- Elektroniczne ko\u0142o r\u0119czne<br \/>\n- Sonda dotykowa na podczerwie\u0144 Heidenhain TS649 DMG<\/p>\n<p><strong>Wrzeciono robocze:<\/strong><br \/>\n- Uchwyt narz\u0119dziowy SK40<br \/>\n- Zakres pr\u0119dko\u015bci obrotowej maks. 18000 obr.<\/p>\n<p><strong>Magazyn narz\u0119dzi:<\/strong><br \/>\n- Zmieniacz narz\u0119dzi 30 pozycji magazynowych<\/p>\n<p><strong>Projekt tabeli:<\/strong><br \/>\nSt\u00f3\u0142 obrotowy obrotowy NC<br \/>\n- O\u015b B -5\u00b0 do +110<br \/>\n- O\u015b C 360<\/p>\n<p><strong>Dodatkowe opcje:<\/strong><br \/>\n- Przeno\u015bnik wi\u00f3r\u00f3w z ta\u015bm\u0105 zgrzeb\u0142ow\u0105<br \/>\n- Papierowy filtr ta\u015bmowy IKZ 40 bar\/ 600ltr. zbiornik<br \/>\n- wraz z obrotowym wziernikiem, powietrzem uszczelniaj\u0105cym, liniowymi systemami pomiarowymi, p\u0142ukaniem z\u0142o\u017ca<br \/>\n- Wydmuchiwanie powietrza przez \u015brodek wrzeciona<br \/>\n- Separator mg\u0142y olejowej i emulsyjnej mechaniczny<br \/>\n- Pistolet do przep\u0142ukiwania wi\u00f3r\u00f3w<br \/>\n- Tryb pracy 4<br \/>\n- Laserowy pomiar narz\u0119dzi<br \/>\n- Bezpo\u015bredni system pomiarowy<br \/>\n- Przygotowanie dla zestaw\u00f3w narz\u0119dzi 3D Quickset<br \/>\n- Dokumentacja<\/p>","protected":false},"excerpt":{"rendered":"<p>Deckel Maho DMU 50 eVo Linear to pot\u0119\u017cna 5-osiowa frezarka o wysokiej precyzji i elastyczno\u015bci. Nadaje si\u0119 do skomplikowanych element\u00f3w w produkcji jednorazowej i seryjnej oraz posiada funkcj\u0119 automatycznej wymiany narz\u0119dzi.<\/p>","protected":false},"featured_media":12112,"comment_status":"open","ping_status":"closed","template":"","meta":{"om_disable_all_campaigns":false},"product_cat":[97],"product_tag":[],"aioseo_notices":[],"jetpack_sharing_enabled":true,"_links":{"self":[{"href":"https:\/\/saho-maschinen.de\/pl\/wp-json\/wp\/v2\/product\/717"}],"collection":[{"href":"https:\/\/saho-maschinen.de\/pl\/wp-json\/wp\/v2\/product"}],"about":[{"href":"https:\/\/saho-maschinen.de\/pl\/wp-json\/wp\/v2\/types\/product"}],"replies":[{"embeddable":true,"href":"https:\/\/saho-maschinen.de\/pl\/wp-json\/wp\/v2\/comments?post=717"}],"wp:featuredmedia":[{"embeddable":true,"href":"https:\/\/saho-maschinen.de\/pl\/wp-json\/wp\/v2\/media\/12112"}],"wp:attachment":[{"href":"https:\/\/saho-maschinen.de\/pl\/wp-json\/wp\/v2\/media?parent=717"}],"wp:term":[{"taxonomy":"product_cat","embeddable":true,"href":"https:\/\/saho-maschinen.de\/pl\/wp-json\/wp\/v2\/product_cat?post=717"},{"taxonomy":"product_tag","embeddable":true,"href":"https:\/\/saho-maschinen.de\/pl\/wp-json\/wp\/v2\/product_tag?post=717"}],"curies":[{"name":"wp","href":"https:\/\/api.w.org\/{rel}","templated":true}]}}