{"id":715,"date":"2023-03-03T02:36:20","date_gmt":"2023-03-03T02:36:20","guid":{"rendered":"https:\/\/www.gavias-theme.com\/wp\/indutri\/?post_type=product&#038;p=715"},"modified":"2025-05-20T07:17:13","modified_gmt":"2025-05-20T07:17:13","slug":"hermle-u-630-t","status":"publish","type":"product","link":"https:\/\/saho-maschinen.de\/pl\/verkauf\/hermle-u-630-t\/","title":{"rendered":"Hermle U 630 T"},"content":{"rendered":"<p><strong>Typ maszyny:<\/strong><br \/>\n- Hermle U630T<br \/>\n- Rok produkcji 1997<\/p>\n<p><strong>Kontrola:<\/strong><br \/>\n- Heidenhain TNC 410<br \/>\n- Elektroniczne ko\u0142o r\u0119czne<\/p>\n<p><strong>Wrzeciono robocze:<\/strong><br \/>\n- Uchwyt narz\u0119dziowy SK 40<br \/>\n- Zakres pr\u0119dko\u015bci obrotowej maks. 7000 obr.<br \/>\n- Skok pi\u0142y 75 mm<\/p>\n<p><strong>Zmieniacz narz\u0119dzi:<\/strong><br \/>\n- 16 miejsc na magazyny<\/p>\n<p><strong>Miejsce pracy:<\/strong><br \/>\n- X- 630mm ( 875mm)<br \/>\n- Y- 500mm<br \/>\n- Z- 500mm<\/p>\n<p><strong>Projekt tabeli:<\/strong><br \/>\n- Powierzchnia mocowania 900x528mm<br \/>\n- Obci\u0105\u017cenie sto\u0142u max. 400Kg<\/p>\n<p><strong>Dodatkowe opcje:<\/strong><br \/>\n- Jednostka p\u0142ynu ch\u0142odz\u0105cego 120L.<\/p>","protected":false},"excerpt":{"rendered":"<p>Hermle U 630 T to precyzyjna frezarka uniwersalna z obrotowym sto\u0142em i g\u0142owic\u0105 obrotow\u0105. Nadaje si\u0119 do obr\u00f3bki skomplikowanych detali z r\u00f3\u017cnych materia\u0142\u00f3w, takich jak metal, tworzywa sztuczne i drewno. Maszyna wyposa\u017cona jest w nowoczesny system sterowania i oferuje wysok\u0105 elastyczno\u015b\u0107, jak r\u00f3wnie\u017c wydajno\u015b\u0107.<\/p>","protected":false},"featured_media":12095,"comment_status":"open","ping_status":"closed","template":"","meta":{"om_disable_all_campaigns":false},"product_cat":[97],"product_tag":[],"aioseo_notices":[],"jetpack_sharing_enabled":true,"_links":{"self":[{"href":"https:\/\/saho-maschinen.de\/pl\/wp-json\/wp\/v2\/product\/715"}],"collection":[{"href":"https:\/\/saho-maschinen.de\/pl\/wp-json\/wp\/v2\/product"}],"about":[{"href":"https:\/\/saho-maschinen.de\/pl\/wp-json\/wp\/v2\/types\/product"}],"replies":[{"embeddable":true,"href":"https:\/\/saho-maschinen.de\/pl\/wp-json\/wp\/v2\/comments?post=715"}],"wp:featuredmedia":[{"embeddable":true,"href":"https:\/\/saho-maschinen.de\/pl\/wp-json\/wp\/v2\/media\/12095"}],"wp:attachment":[{"href":"https:\/\/saho-maschinen.de\/pl\/wp-json\/wp\/v2\/media?parent=715"}],"wp:term":[{"taxonomy":"product_cat","embeddable":true,"href":"https:\/\/saho-maschinen.de\/pl\/wp-json\/wp\/v2\/product_cat?post=715"},{"taxonomy":"product_tag","embeddable":true,"href":"https:\/\/saho-maschinen.de\/pl\/wp-json\/wp\/v2\/product_tag?post=715"}],"curies":[{"name":"wp","href":"https:\/\/api.w.org\/{rel}","templated":true}]}}