{"id":708,"date":"2023-03-03T02:22:52","date_gmt":"2023-03-03T02:22:52","guid":{"rendered":"https:\/\/www.gavias-theme.com\/wp\/indutri\/?product=toshiba-satellite-c55-c5241-15-6-inch-laptop"},"modified":"2025-05-19T20:46:27","modified_gmt":"2025-05-19T20:46:27","slug":"deckel-maho-dmu-65-monoblock","status":"publish","type":"product","link":"https:\/\/saho-maschinen.de\/pl\/verkauf\/deckel-maho-dmu-65-monoblock\/","title":{"rendered":"Pokrywa Maho DMU 65 monoBLOCK"},"content":{"rendered":"<p><strong>Typ maszyny:<\/strong><br \/>\n- DMU 65 monoBLOCK 5-osiowa obr\u00f3bka SIMULTANEOUS<br \/>\n- Pakiet produkcyjny<br \/>\n- Rok produkcji 2012<br \/>\n- Podr\u00f3\u017c X-730mm, Y-650mm, Z-560mm<\/p>\n<p><strong>Kontrola:<\/strong><br \/>\n- Sterowanie 3-D Heidenhain iTNC 530<br \/>\n- Tryb pracy 4<\/p>\n<p><strong>Wrzeciono robocze:<\/strong><br \/>\n- Uchwyt narz\u0119dziowy SK40<br \/>\n- Zakres pr\u0119dko\u015bci obrotowej maks. 18000 obr.<br \/>\n- Wydmuchiwane powietrze \u015arodek wrzeciona<br \/>\n- Ch\u0142odzenie wrzeciona<\/p>\n<p><strong>Magazyn narz\u0119dzi:<\/strong><br \/>\n- Zmieniacz narz\u0119dzi 90 pozycji magazynowych<\/p>\n<p><strong>St\u00f3\u0142 roboczy:<\/strong><br \/>\n- Obrotowy st\u00f3\u0142 NC o\u015b A +-120\u00b0, o\u015b C 360\u00b0,<br \/>\nhydr. mocowanie do sto\u0142u obrotowego<\/p>\n<p><strong>Automatyka\/pomiary\/<wbr \/>Monitor:<\/strong><br \/>\n- Sonda na podczerwie\u0144 (Heidenhain TS 649 DMG)<br \/>\n- 3D quikSET<br \/>\n- Pomiar narz\u0119dzi w obszarze roboczym (Fabr. Blum Laser)<br \/>\n- Air Clear<br \/>\n- Lampka sygnalizacyjna czterokolorowa<\/p>\n<p><strong>Media ch\u0142odz\u0105ce \/ utylizacja wi\u00f3r\u00f3w:<\/strong><br \/>\n- Przeno\u015bnik wi\u00f3r\u00f3w<br \/>\n- Dop\u0142yw \u015brodka smarnego do ch\u0142odzenia wewn\u0119trznego (IKZ)<br \/>\n- Papierowy filtr ta\u015bmowy 40bar \/ zbiornik 600l.<br \/>\n- Uszczelnianie powietrza Liniowe systemy pomiarowe,P\u0142ukanie \u0142\u00f3\u017cek<br \/>\n- Pistolet do przep\u0142ukiwania wi\u00f3r\u00f3w<br \/>\n- Separator mg\u0142y olejowej i emulsji<\/p>","protected":false},"excerpt":{"rendered":"<p>Deckel Maho DMU 65 monoBLOCK to precyzyjna frezarka 5-osiowa ze stabiln\u0105 i odporn\u0105 na skr\u0119canie ram\u0105 maszyny. Oferuje wysok\u0105 dynamik\u0119 i dok\u0142adno\u015b\u0107 przy obr\u00f3bce skomplikowanych element\u00f3w.<\/p>","protected":false},"featured_media":12120,"comment_status":"open","ping_status":"closed","template":"","meta":{"om_disable_all_campaigns":false},"product_cat":[97],"product_tag":[],"aioseo_notices":[],"jetpack_sharing_enabled":true,"_links":{"self":[{"href":"https:\/\/saho-maschinen.de\/pl\/wp-json\/wp\/v2\/product\/708"}],"collection":[{"href":"https:\/\/saho-maschinen.de\/pl\/wp-json\/wp\/v2\/product"}],"about":[{"href":"https:\/\/saho-maschinen.de\/pl\/wp-json\/wp\/v2\/types\/product"}],"replies":[{"embeddable":true,"href":"https:\/\/saho-maschinen.de\/pl\/wp-json\/wp\/v2\/comments?post=708"}],"wp:featuredmedia":[{"embeddable":true,"href":"https:\/\/saho-maschinen.de\/pl\/wp-json\/wp\/v2\/media\/12120"}],"wp:attachment":[{"href":"https:\/\/saho-maschinen.de\/pl\/wp-json\/wp\/v2\/media?parent=708"}],"wp:term":[{"taxonomy":"product_cat","embeddable":true,"href":"https:\/\/saho-maschinen.de\/pl\/wp-json\/wp\/v2\/product_cat?post=708"},{"taxonomy":"product_tag","embeddable":true,"href":"https:\/\/saho-maschinen.de\/pl\/wp-json\/wp\/v2\/product_tag?post=708"}],"curies":[{"name":"wp","href":"https:\/\/api.w.org\/{rel}","templated":true}]}}