{"id":12667,"date":"2024-08-06T19:54:48","date_gmt":"2024-08-06T19:54:48","guid":{"rendered":"https:\/\/saho-maschinen.de\/?post_type=product&#038;p=12667"},"modified":"2025-05-19T05:12:13","modified_gmt":"2025-05-19T05:12:13","slug":"hurco-vmx-50","status":"publish","type":"product","link":"https:\/\/saho-maschinen.de\/pl\/verkauf\/hurco-vmx-50\/","title":{"rendered":"HURCO VMX 50"},"content":{"rendered":"<p>Hurco VMX 50<br \/>\nRok budowy 2001<\/p>\n<p><strong>Kontrola:<\/strong><br \/>\n- Ultimax 4<\/p>\n<p><strong>Wrzeciono g\u0142\u00f3wne:<\/strong><br \/>\n- Uchwyt narz\u0119dziowy SK40<br \/>\n- Pr\u0119dko\u015b\u0107 wrzeciona maks. 8000 obr.<\/p>\n<p><strong>Odleg\u0142o\u015bci podr\u00f3\u017cy:<\/strong><br \/>\n- X - 1270, Y - 660, Z - 610 mm.<\/p>\n<p>Tabela:<br \/>\n- Obci\u0105\u017cenie sto\u0142u 1300 kg<br \/>\nDpbb9L<br \/>\n- Powierzchnia mocowania 1500 x 660 mm<\/p>\n<p>Zmieniacz narz\u0119dzi:<br \/>\n- 24 miejsca na magazyny<\/p>\n<p>Czas dostawy:<br \/>\n- Natychmiast lub po uzgodnieniu<\/p>","protected":false},"excerpt":{"rendered":"<p>Hurco VMX 50 Rok 2001 Sterowanie: - Ultimax 4 Wrzeciono g\u0142\u00f3wne: - Uchwyt narz\u0119dziowy SK40 - Pr\u0119dko\u015b\u0107 wrzeciona maks. 8000 obr. \u015acie\u017cki przesuwu: - X - 1270, Y - 660, Z - 610 mm. St\u00f3\u0142: - Obci\u0105\u017cenie sto\u0142u 1300kg Dpbb9L - Powierzchnia mocowania 1500 x 660mm Zmieniacz narz\u0119dzi: - 24 pozycje magazynowe Czas dostawy: - Natychmiast lub po uzgodnieniu<\/p>","protected":false},"featured_media":12669,"comment_status":"open","ping_status":"closed","template":"","meta":{"om_disable_all_campaigns":false},"product_cat":[16],"product_tag":[],"aioseo_notices":[],"jetpack_sharing_enabled":true,"_links":{"self":[{"href":"https:\/\/saho-maschinen.de\/pl\/wp-json\/wp\/v2\/product\/12667"}],"collection":[{"href":"https:\/\/saho-maschinen.de\/pl\/wp-json\/wp\/v2\/product"}],"about":[{"href":"https:\/\/saho-maschinen.de\/pl\/wp-json\/wp\/v2\/types\/product"}],"replies":[{"embeddable":true,"href":"https:\/\/saho-maschinen.de\/pl\/wp-json\/wp\/v2\/comments?post=12667"}],"wp:featuredmedia":[{"embeddable":true,"href":"https:\/\/saho-maschinen.de\/pl\/wp-json\/wp\/v2\/media\/12669"}],"wp:attachment":[{"href":"https:\/\/saho-maschinen.de\/pl\/wp-json\/wp\/v2\/media?parent=12667"}],"wp:term":[{"taxonomy":"product_cat","embeddable":true,"href":"https:\/\/saho-maschinen.de\/pl\/wp-json\/wp\/v2\/product_cat?post=12667"},{"taxonomy":"product_tag","embeddable":true,"href":"https:\/\/saho-maschinen.de\/pl\/wp-json\/wp\/v2\/product_tag?post=12667"}],"curies":[{"name":"wp","href":"https:\/\/api.w.org\/{rel}","templated":true}]}}