{"id":12662,"date":"2024-08-06T19:52:18","date_gmt":"2024-08-06T19:52:18","guid":{"rendered":"https:\/\/saho-maschinen.de\/?post_type=product&#038;p=12662"},"modified":"2025-05-19T19:54:19","modified_gmt":"2025-05-19T19:54:19","slug":"deckel-maho-dmc-835v","status":"publish","type":"product","link":"https:\/\/saho-maschinen.de\/pl\/verkauf\/deckel-maho-dmc-835v\/","title":{"rendered":"POKRYWA MAHO DMC 835V"},"content":{"rendered":"<p><strong>Typ maszyny:<\/strong><br \/>\n- Pokrywa Maho DMC 835V<br \/>\n- Rok budowy 2008<br \/>\n- Skok X - 835 mm, Y - 510 mm, Z - 510 mm<\/p>\n<p><strong>Kontrola:<\/strong><br \/>\n- System sterowania Heidenhain iTNC 530<br \/>\n- Elektroniczne ko\u0142o r\u0119czne<br \/>\n- Sonda dotykowa 3D na podczerwie\u0144 Heidenhain<\/p>\n<p><strong>Wrzeciono robocze:<\/strong><br \/>\n- Uchwyt narz\u0119dziowy SK40<br \/>\n- Zakres pr\u0119dko\u015bci maks. 14000 obr.<\/p>\n<p><strong>Magazyn narz\u0119dzi:<\/strong><br \/>\n- Zmieniacz narz\u0119dzi 30 pozycji magazynowych<\/p>\n<p><strong>Projekt tabeli:<\/strong><br \/>\n- Sztywny st\u00f3\u0142 k\u0105towy<br \/>\n- Powierzchnia mocowania 790 x 560 mm<\/p>\n<p><strong>Dodatkowe opcje:<\/strong><br \/>\n- Przeno\u015bnik wi\u00f3r\u00f3w<br \/>\n- IKZ 20 Bar<br \/>\n- Pistolet do przep\u0142ukiwania wi\u00f3r\u00f3w<br \/>\n- Laserowy pomiar narz\u0119dzi<br \/>\n- Dokumentacja<\/p>\n<p>Zawiera r\u00f3\u017cne uchwyty narz\u0119dziowe SK40 (patrz zdj\u0119cie)<\/p>\n<p><strong>Czas dostawy:<\/strong><br \/>\n- Natychmiast lub po uzgodnieniu<\/p>","protected":false},"excerpt":{"rendered":"<p>Maschinentyp: &#8211; Deckel Maho DMC 835V &#8211; Baujahr 2008 &#8211; Verfahrwege X-835mm, Y- 510mm, Z-510mm Steuerung: &#8211; Steuerung Heidenhain iTNC 530 &#8211; Elektronisches Handrad &#8211; 3D Messtaster Infrarot Heidenhain Arbeitsspindel: &#8211; Werkzeuhaufnahme SK40 &#8211; Drehzahlbereich max. 14000U\/min. Werkzeugmagazin: &#8211; Werkzeugwechsler 30 Magazinpl\u00e4tze Tischausf\u00fchrung: &#8211; Starrer Winkeltisch &#8211; Aufspannfl\u00e4che 790 x 560mm Zusatzoptionen: &#8211; Sp\u00e4nef\u00f6rderer &#8211; [&hellip;]<\/p>","protected":false},"featured_media":12665,"comment_status":"open","ping_status":"closed","template":"","meta":{"om_disable_all_campaigns":false},"product_cat":[16],"product_tag":[],"aioseo_notices":[],"jetpack_sharing_enabled":true,"_links":{"self":[{"href":"https:\/\/saho-maschinen.de\/pl\/wp-json\/wp\/v2\/product\/12662"}],"collection":[{"href":"https:\/\/saho-maschinen.de\/pl\/wp-json\/wp\/v2\/product"}],"about":[{"href":"https:\/\/saho-maschinen.de\/pl\/wp-json\/wp\/v2\/types\/product"}],"replies":[{"embeddable":true,"href":"https:\/\/saho-maschinen.de\/pl\/wp-json\/wp\/v2\/comments?post=12662"}],"wp:featuredmedia":[{"embeddable":true,"href":"https:\/\/saho-maschinen.de\/pl\/wp-json\/wp\/v2\/media\/12665"}],"wp:attachment":[{"href":"https:\/\/saho-maschinen.de\/pl\/wp-json\/wp\/v2\/media?parent=12662"}],"wp:term":[{"taxonomy":"product_cat","embeddable":true,"href":"https:\/\/saho-maschinen.de\/pl\/wp-json\/wp\/v2\/product_cat?post=12662"},{"taxonomy":"product_tag","embeddable":true,"href":"https:\/\/saho-maschinen.de\/pl\/wp-json\/wp\/v2\/product_tag?post=12662"}],"curies":[{"name":"wp","href":"https:\/\/api.w.org\/{rel}","templated":true}]}}