{"id":12650,"date":"2024-08-06T19:43:12","date_gmt":"2024-08-06T19:43:12","guid":{"rendered":"https:\/\/saho-maschinen.de\/?post_type=product&#038;p=12650"},"modified":"2025-05-19T07:40:24","modified_gmt":"2025-05-19T07:40:24","slug":"wemas-vz-1000","status":"publish","type":"product","link":"https:\/\/saho-maschinen.de\/pl\/verkauf\/wemas-vz-1000\/","title":{"rendered":"Wemas VZ 1000"},"content":{"rendered":"<div>\n<div>\n<div>\n<div>\n<div><strong>Oferta<\/strong><\/div>\n<\/div>\n<\/div>\n<\/div>\n<p><strong>WEMAS VZ 1000<\/strong><br \/>\n- System sterowania Heidenhain iTNC 530<br \/>\n- Rok produkcji 2004<br \/>\n- Pomiar narz\u0119dzia Oko narz\u0119dzia<br \/>\n- Zasilanie ch\u0142odziwem<br \/>\n- Taca na wi\u00f3ry<\/p>\n<p><strong>Obszar roboczy:<\/strong><br \/>\n- Przesuw X-1000 mm, Y-600 mm, Z-650 mm<\/p>\n<p><strong>Wrzeciono g\u0142\u00f3wne:<\/strong><br \/>\n- Pr\u0119dko\u015b\u0107 wrzeciona maks. 8000 obr.<br \/>\n- Uchwyt narz\u0119dziowy SK 40<\/p>\n<p><strong>Tabela:<\/strong><br \/>\n- Powierzchnia mocowania 1300 x 600 mm<br \/>\n- Obci\u0105\u017cenie sto\u0142u 1200 kg<\/p>\n<p><strong>Zmieniacz narz\u0119dzi:<\/strong><br \/>\n- 20 miejsc na czasopisma<\/p>\n<\/div>\n<div><\/div>\n<div class=\"v1col v1beschreibung\"><strong>Czas dostawy:<\/strong><br \/>\n- Natychmiast<\/div>","protected":false},"excerpt":{"rendered":"<p>Oferta WEMAS VZ 1000 - Sterowanie Heidenhain iTNC 530 - Rok 2004 - Pomiar narz\u0119dzia Tool Eye - Doprowadzanie ch\u0142odziwa - Taca na wi\u00f3ry Obszar roboczy: - \u015acie\u017cki przesuwu X-1000mm , Y-600mm , Z-650mm Wrzeciono g\u0142\u00f3wne: - Pr\u0119dko\u015b\u0107 wrzeciona maks. 8000 obr. - Uchwyt narz\u0119dziowy SK 40 St\u00f3\u0142: - Powierzchnia mocowania 1300 x 600 mm - Obci\u0105\u017cenie sto\u0142u 1200 kg Zmieniacz narz\u0119dzi: - 20 pozycji magazynka Czas dostawy: - Natychmiast<\/p>","protected":false},"featured_media":12651,"comment_status":"open","ping_status":"closed","template":"","meta":{"om_disable_all_campaigns":false},"product_cat":[97],"product_tag":[],"aioseo_notices":[],"jetpack_sharing_enabled":true,"_links":{"self":[{"href":"https:\/\/saho-maschinen.de\/pl\/wp-json\/wp\/v2\/product\/12650"}],"collection":[{"href":"https:\/\/saho-maschinen.de\/pl\/wp-json\/wp\/v2\/product"}],"about":[{"href":"https:\/\/saho-maschinen.de\/pl\/wp-json\/wp\/v2\/types\/product"}],"replies":[{"embeddable":true,"href":"https:\/\/saho-maschinen.de\/pl\/wp-json\/wp\/v2\/comments?post=12650"}],"wp:featuredmedia":[{"embeddable":true,"href":"https:\/\/saho-maschinen.de\/pl\/wp-json\/wp\/v2\/media\/12651"}],"wp:attachment":[{"href":"https:\/\/saho-maschinen.de\/pl\/wp-json\/wp\/v2\/media?parent=12650"}],"wp:term":[{"taxonomy":"product_cat","embeddable":true,"href":"https:\/\/saho-maschinen.de\/pl\/wp-json\/wp\/v2\/product_cat?post=12650"},{"taxonomy":"product_tag","embeddable":true,"href":"https:\/\/saho-maschinen.de\/pl\/wp-json\/wp\/v2\/product_tag?post=12650"}],"curies":[{"name":"wp","href":"https:\/\/api.w.org\/{rel}","templated":true}]}}