{"id":12227,"date":"2023-03-07T11:24:56","date_gmt":"2023-03-07T11:24:56","guid":{"rendered":"https:\/\/saho-maschinen.de\/?post_type=product&#038;p=12227"},"modified":"2025-09-18T06:11:07","modified_gmt":"2025-09-18T06:11:07","slug":"bridgeport-xr-760","status":"publish","type":"product","link":"https:\/\/saho-maschinen.de\/pl\/verkauf\/bridgeport-xr-760\/","title":{"rendered":"Bridgeport XR 760"},"content":{"rendered":"<p><strong>Typ maszyny:<\/strong><br \/>\nBridgeport XR 760<br \/>\nRok produkcji 2015<br \/>\nSterowanie Heidenhain iTNC 530 (elektryczne k\u00f3\u0142ko r\u0119czne)<br \/>\nPodr\u00f3\u017c X-760mm , Y-610mm , Z-610mm<br \/>\nP\u0142yn ch\u0142odz\u0105cy IKZ 20 Bar<br \/>\nPrzeno\u015bnik wi\u00f3r\u00f3w<\/p>\n<p><strong>Wrzeciono robocze:<\/strong><br \/>\nSystem BIG-PLUS<br \/>\nPr\u0119dko\u015b\u0107 obrotowa wrzeciona maks. 12000 obr.<br \/>\nUchwyt narz\u0119dziowy SK40<\/p>\n<p><strong>Magazyn narz\u0119dzi:<\/strong><br \/>\nLiczba miejsc na narz\u0119dzia 30<br \/>\nRami\u0119 podw\u00f3jne<\/p>\n<p><strong>St\u00f3\u0142 maszynowy:<\/strong><br \/>\nD\u0142ugo\u015b\u0107 x szeroko\u015b\u0107 1000 x 600 mm<br \/>\nObci\u0105\u017cenie sto\u0142u 700 kg<\/p>","protected":false},"excerpt":{"rendered":"<p>Bridgeport XR 760 to pionowe centrum obr\u00f3bcze o wysokiej dok\u0142adno\u015bci i wydajno\u015bci. Posiada solidn\u0105 konstrukcj\u0119 oraz szybki zmieniacz narz\u0119dzi, kt\u00f3ry umo\u017cliwia wydajn\u0105 obr\u00f3bk\u0119 detali.<\/p>","protected":false},"featured_media":12223,"comment_status":"open","ping_status":"closed","template":"","meta":{"om_disable_all_campaigns":false},"product_cat":[97],"product_tag":[],"aioseo_notices":[],"jetpack_sharing_enabled":true,"_links":{"self":[{"href":"https:\/\/saho-maschinen.de\/pl\/wp-json\/wp\/v2\/product\/12227"}],"collection":[{"href":"https:\/\/saho-maschinen.de\/pl\/wp-json\/wp\/v2\/product"}],"about":[{"href":"https:\/\/saho-maschinen.de\/pl\/wp-json\/wp\/v2\/types\/product"}],"replies":[{"embeddable":true,"href":"https:\/\/saho-maschinen.de\/pl\/wp-json\/wp\/v2\/comments?post=12227"}],"wp:featuredmedia":[{"embeddable":true,"href":"https:\/\/saho-maschinen.de\/pl\/wp-json\/wp\/v2\/media\/12223"}],"wp:attachment":[{"href":"https:\/\/saho-maschinen.de\/pl\/wp-json\/wp\/v2\/media?parent=12227"}],"wp:term":[{"taxonomy":"product_cat","embeddable":true,"href":"https:\/\/saho-maschinen.de\/pl\/wp-json\/wp\/v2\/product_cat?post=12227"},{"taxonomy":"product_tag","embeddable":true,"href":"https:\/\/saho-maschinen.de\/pl\/wp-json\/wp\/v2\/product_tag?post=12227"}],"curies":[{"name":"wp","href":"https:\/\/api.w.org\/{rel}","templated":true}]}}