{"id":12100,"date":"2023-03-03T12:55:37","date_gmt":"2023-03-03T12:55:37","guid":{"rendered":"https:\/\/saho-maschinen.de\/?post_type=product&#038;p=12100"},"modified":"2023-03-16T14:55:38","modified_gmt":"2023-03-16T14:55:38","slug":"mazak-nexus-510c","status":"publish","type":"product","link":"https:\/\/saho-maschinen.de\/pl\/verkauf\/mazak-nexus-510c\/","title":{"rendered":"Mazak Nexus 510C"},"content":{"rendered":"<p><strong>Typ maszyny:<\/strong><br \/>\n- MAZAK Nexus 510C<br \/>\n- Rok produkcji 2004<\/p>\n<p><strong>Podr\u00f3\u017c<\/strong><br \/>\n- X- 1050mm, Y-510mm, Z-510mm<\/p>\n<p><strong>Kontrola:<\/strong><br \/>\n- Mazatrol PC FUSION CNC 640M Nexus dialog programowanie kolorowa grafika<br \/>\n- Elektroniczne ko\u0142o r\u0119czne<\/p>\n<p><strong>Wrzeciono robocze:<\/strong><br \/>\n- Uchwyt narz\u0119dziowy SK40<br \/>\n- Zakres pr\u0119dko\u015bci obrotowej maks. 12000 obr.<br \/>\n- Ch\u0142odzenie przez wrzeciono 5 bar<\/p>\n<p><strong>Magazyn narz\u0119dzi:<\/strong><br \/>\n- Zmieniacz narz\u0119dzi 30 pozycji magazynowych<\/p>\n<p><strong>Projekt tabeli:<\/strong><br \/>\n- Powierzchnia mocowania 1300 x 550 mm.<br \/>\n- Obci\u0105\u017cenie sto\u0142u max. 1200kg<\/p>\n<p><strong>Dodatkowe opcje:<\/strong><br \/>\n- Przeno\u015bnik wi\u00f3r\u00f3w<br \/>\n- IKZ 15 bar\/ 250ltr. zbiornik<br \/>\n- Kontrola uszkodze\u0144 narz\u0119dzi<br \/>\n- Urz\u0105dzenie do pomiaru d\u0142ugo\u015bci narz\u0119dzi<br \/>\n- Dokumentacja<br \/>\n- 30 narz\u0119dzi<br \/>\n- System mocowania z punktem zerowym (patrz wn\u0119trze)<\/p>","protected":false},"excerpt":{"rendered":"<p>Mazak Nexus 510C to pot\u0119\u017cna frezarka CNC o du\u017cej dok\u0142adno\u015bci i pr\u0119dko\u015bci. Nadaje si\u0119 do obr\u00f3bki szerokiej gamy materia\u0142\u00f3w i oferuje du\u017c\u0105 elastyczno\u015b\u0107 i niezawodno\u015b\u0107 w produkcji.<\/p>","protected":false},"featured_media":12101,"comment_status":"open","ping_status":"closed","template":"","meta":{"om_disable_all_campaigns":false},"product_cat":[97],"product_tag":[],"aioseo_notices":[],"jetpack_sharing_enabled":true,"_links":{"self":[{"href":"https:\/\/saho-maschinen.de\/pl\/wp-json\/wp\/v2\/product\/12100"}],"collection":[{"href":"https:\/\/saho-maschinen.de\/pl\/wp-json\/wp\/v2\/product"}],"about":[{"href":"https:\/\/saho-maschinen.de\/pl\/wp-json\/wp\/v2\/types\/product"}],"replies":[{"embeddable":true,"href":"https:\/\/saho-maschinen.de\/pl\/wp-json\/wp\/v2\/comments?post=12100"}],"wp:featuredmedia":[{"embeddable":true,"href":"https:\/\/saho-maschinen.de\/pl\/wp-json\/wp\/v2\/media\/12101"}],"wp:attachment":[{"href":"https:\/\/saho-maschinen.de\/pl\/wp-json\/wp\/v2\/media?parent=12100"}],"wp:term":[{"taxonomy":"product_cat","embeddable":true,"href":"https:\/\/saho-maschinen.de\/pl\/wp-json\/wp\/v2\/product_cat?post=12100"},{"taxonomy":"product_tag","embeddable":true,"href":"https:\/\/saho-maschinen.de\/pl\/wp-json\/wp\/v2\/product_tag?post=12100"}],"curies":[{"name":"wp","href":"https:\/\/api.w.org\/{rel}","templated":true}]}}