{"id":11118,"date":"2023-02-22T09:31:40","date_gmt":"2023-02-22T09:31:40","guid":{"rendered":"https:\/\/saho-maschinen.de\/?page_id=11118"},"modified":"2024-04-01T21:20:27","modified_gmt":"2024-04-01T21:20:27","slug":"impressum","status":"publish","type":"page","link":"https:\/\/saho-maschinen.de\/pl\/impressum\/","title":{"rendered":"Nadruk"},"content":{"rendered":"<div data-elementor-type=\"wp-page\" data-elementor-id=\"11118\" class=\"elementor elementor-11118\" data-elementor-post-type=\"page\">\n\t\t\t\t\t\t<section data-particle_enable=\"false\" data-particle-mobile-disabled=\"false\" class=\"elementor-section elementor-top-section elementor-element elementor-element-5bb1988 elementor-section-boxed elementor-section-height-default elementor-section-height-default\" data-id=\"5bb1988\" data-element_type=\"section\">\n\t\t\t\t\t\t<div class=\"elementor-container elementor-column-gap-default\">\n\t\t\t\t\t<div class=\"elementor-column elementor-col-100 elementor-top-column elementor-element elementor-element-78a052c top column-style-top\" data-id=\"78a052c\" data-element_type=\"column\">\n\t\t\t<div class=\"elementor-widget-wrap elementor-element-populated\">\n\t\t\t\t\t\t<div class=\"elementor-element elementor-element-0d8eabf elementor-widget elementor-widget-html\" data-id=\"0d8eabf\" data-element_type=\"widget\" data-widget_type=\"html.default\">\n\t\t\t\t<div class=\"elementor-widget-container\">\n\t\t\t<h1>Nadruk<\/h1>\r\n\r\n<h2>Informacje zgodnie z \u00a7 5 TMG<\/h2>\r\n<p>Sascha Hof<br \/>\r\nToczenie i frezowanie CNC kupno\/sprzeda\u017c<br \/>\r\n\u0141\u0105kowa \u015bcie\u017cka 14<br \/>\r\n86759 Holzkirchen<\/p>\r\n\r\n<h2>Kontakt<\/h2>\r\n<p>Telefon: 09085 26897-0<br \/>\r\nE-mail: kontakt@saho-maschinen.de<\/p>\r\n\r\n<h2>VAT ID<\/h2>\r\n<p>Numer identyfikacyjny podatku od sprzeda\u017cy zgodnie z \u00a7 27 a niemieckiej ustawy o podatku od sprzeda\u017cy:<br \/>\r\nDE244695609<\/p>\r\n\r\n<h2>Odpowiedzialno\u015b\u0107 redakcyjna<\/h2>\r\n<p>Flat-Consulting <br \/>\r\nLange Gasse 10<br \/>\r\n86152 Augsburg<\/p>\r\n\r\n<h2>Rozwi\u0105zywanie spor\u00f3w w UE<\/h2>\r\n<p>Komisja Europejska udost\u0119pnia platform\u0119 do rozwi\u0105zywania spor\u00f3w online (ODR): <a href=\"https:\/\/ec.europa.eu\/consumers\/odr\/\" target=\"_blank\" rel=\"noopener noreferrer\">https:\/\/ec.europa.eu\/consumers\/odr\/<\/a>.<br \/> Nasz adres e-mail znajdziesz w nadruku powy\u017cej.<\/p>\r\n\r\n<h2>Rozstrzyganie spor\u00f3w konsumenckich\/uniwersalna komisja arbitra\u017cowa<\/h2>\r\n<p>Uczestniczymy w procedurze rozstrzygania spor\u00f3w przed komisj\u0105 arbitra\u017cow\u0105 dla konsument\u00f3w. Uniwersalna komisja arbitra\u017cowa przy Zentrum f\u00fcr Schlichtung e.V., Stra\u00dfburger Stra\u00dfe 8, 77694 Kehl am Rhein (<a href=\"https:\/\/www.verbraucher-schlichter.de\" rel=\"noopener noreferrer\" target=\"_blank\">https:\/\/www.verbraucher-schlichter.de<\/a>).<\/p>\t\t<\/div>\n\t\t\t\t<\/div>\n\t\t\t\t\t<\/div>\n\t\t<\/div>\n\t\t\t\t\t<\/div>\n\t\t<\/section>\n\t\t\t\t<\/div>","protected":false},"excerpt":{"rendered":"<p>Druk Informacje zgodnie z \u00a7 5 TMG Sascha Hof CNC Dreh &amp; Fr\u00e4smaschinen An-\/Verkauf Wiesenweg 14 86759 Holzkirchen Kontakt Telefon: 09085 26897-0 E-Mail: kontakt@saho-maschinen.de Identyfikator podatkowy Numer identyfikacyjny podatku od sprzeda\u017cy zgodnie z \u00a7 27 a Umsatzsteuergesetz: DE244695609 Redaktor odpowiedzialny Flat-Consulting Lange Gasse 10 86152 Augsburg Rozstrzyganie spor\u00f3w UE Komisja Europejska udost\u0119pnia platform\u0119 internetowego rozstrzygania spor\u00f3w (OS): https:\/\/ec.europa.eu\/consumers\/odr\/. Nasz adres e-mail mo\u017cna znale\u017a\u0107 [...]<\/p>","protected":false},"author":1,"featured_media":0,"parent":0,"menu_order":0,"comment_status":"closed","ping_status":"closed","template":"","meta":{"om_disable_all_campaigns":false,"footnotes":""},"aioseo_notices":[],"jetpack_sharing_enabled":true,"_links":{"self":[{"href":"https:\/\/saho-maschinen.de\/pl\/wp-json\/wp\/v2\/pages\/11118"}],"collection":[{"href":"https:\/\/saho-maschinen.de\/pl\/wp-json\/wp\/v2\/pages"}],"about":[{"href":"https:\/\/saho-maschinen.de\/pl\/wp-json\/wp\/v2\/types\/page"}],"author":[{"embeddable":true,"href":"https:\/\/saho-maschinen.de\/pl\/wp-json\/wp\/v2\/users\/1"}],"replies":[{"embeddable":true,"href":"https:\/\/saho-maschinen.de\/pl\/wp-json\/wp\/v2\/comments?post=11118"}],"version-history":[{"count":12,"href":"https:\/\/saho-maschinen.de\/pl\/wp-json\/wp\/v2\/pages\/11118\/revisions"}],"predecessor-version":[{"id":12638,"href":"https:\/\/saho-maschinen.de\/pl\/wp-json\/wp\/v2\/pages\/11118\/revisions\/12638"}],"wp:attachment":[{"href":"https:\/\/saho-maschinen.de\/pl\/wp-json\/wp\/v2\/media?parent=11118"}],"curies":[{"name":"wp","href":"https:\/\/api.w.org\/{rel}","templated":true}]}}