{"id":717,"date":"2023-03-03T02:39:51","date_gmt":"2023-03-03T02:39:51","guid":{"rendered":"https:\/\/www.gavias-theme.com\/wp\/indutri\/?post_type=product&#038;p=717"},"modified":"2025-05-19T20:49:00","modified_gmt":"2025-05-19T20:49:00","slug":"deckel-maho-dmu-50-evo-linear","status":"publish","type":"product","link":"https:\/\/saho-maschinen.de\/it\/verkauf\/deckel-maho-dmu-50-evo-linear\/","title":{"rendered":"Copertura Maho DMU 50 eVo Linear"},"content":{"rendered":"<p><strong>Dati tecnici:<\/strong><\/p>\n<p><strong>Tipo di macchina:<\/strong><br \/>\n- DMU 50 eVo Lavorazione lineare a 5 assi SIMULTAN<br \/>\n- Anno di costruzione 2011 (messa in servizio 2012)<br \/>\n- Corsa X-500 mm, Y-450 mm, Z-400 mm<\/p>\n<p><strong>Controllo:<\/strong><br \/>\n- Controllo Heidenhain iTNC 530 HCSI<br \/>\n- Volantino elettronico<br \/>\n- Tastatore a infrarossi Heidenhain TS649 DMG<\/p>\n<p><strong>Mandrino di lavoro:<\/strong><br \/>\n- Portautensili SK40<br \/>\n- Gamma di velocit\u00e0 max. 18000 giri\/min.<\/p>\n<p><strong>Rivista di strumenti:<\/strong><br \/>\n- Cambio utensile 30 posizioni di magazzino<\/p>\n<p><strong>Design del tavolo:<\/strong><br \/>\nTavola girevole NC<br \/>\n- Asse B -5\u00b0 a +110<br \/>\n- Asse C 360<\/p>\n<p><strong>Opzioni aggiuntive:<\/strong><br \/>\n- Trasportatore di trucioli a nastro raschiante<br \/>\n- Filtro a nastro in carta IKZ 40 bar\/ serbatoio da 600 litri<br \/>\n- incl. finestra di visualizzazione rotante, aria di tenuta, sistemi di misurazione lineare, lavaggio del letto<br \/>\n- Soffio d'aria attraverso il centro del mandrino<br \/>\n- Separatore meccanico di nebbie di olio e di emulsione<br \/>\n- Pistola di lavaggio per il lavaggio dei trucioli<br \/>\n- Modalit\u00e0 operativa 4<br \/>\n- Misurazione laser dell'utensile<br \/>\n- Sistema di misura diretto<br \/>\n- Preparazione per i kit di strumenti Quickset 3D<br \/>\n- Documentazione<\/p>","protected":false},"excerpt":{"rendered":"<p>La Maho DMU 50 eVo Linear di Deckel \u00e8 una potente fresatrice a 5 assi con elevata precisione e flessibilit\u00e0. \u00c8 adatta per componenti complessi nella produzione di pezzi unici e in serie e dispone di una funzione di cambio utensile automatico.<\/p>","protected":false},"featured_media":12112,"comment_status":"open","ping_status":"closed","template":"","meta":{"om_disable_all_campaigns":false},"product_cat":[97],"product_tag":[],"aioseo_notices":[],"jetpack_sharing_enabled":true,"_links":{"self":[{"href":"https:\/\/saho-maschinen.de\/it\/wp-json\/wp\/v2\/product\/717"}],"collection":[{"href":"https:\/\/saho-maschinen.de\/it\/wp-json\/wp\/v2\/product"}],"about":[{"href":"https:\/\/saho-maschinen.de\/it\/wp-json\/wp\/v2\/types\/product"}],"replies":[{"embeddable":true,"href":"https:\/\/saho-maschinen.de\/it\/wp-json\/wp\/v2\/comments?post=717"}],"wp:featuredmedia":[{"embeddable":true,"href":"https:\/\/saho-maschinen.de\/it\/wp-json\/wp\/v2\/media\/12112"}],"wp:attachment":[{"href":"https:\/\/saho-maschinen.de\/it\/wp-json\/wp\/v2\/media?parent=717"}],"wp:term":[{"taxonomy":"product_cat","embeddable":true,"href":"https:\/\/saho-maschinen.de\/it\/wp-json\/wp\/v2\/product_cat?post=717"},{"taxonomy":"product_tag","embeddable":true,"href":"https:\/\/saho-maschinen.de\/it\/wp-json\/wp\/v2\/product_tag?post=717"}],"curies":[{"name":"wp","href":"https:\/\/api.w.org\/{rel}","templated":true}]}}