{"id":715,"date":"2023-03-03T02:36:20","date_gmt":"2023-03-03T02:36:20","guid":{"rendered":"https:\/\/www.gavias-theme.com\/wp\/indutri\/?post_type=product&#038;p=715"},"modified":"2025-05-20T07:17:13","modified_gmt":"2025-05-20T07:17:13","slug":"hermle-u-630-t","status":"publish","type":"product","link":"https:\/\/saho-maschinen.de\/it\/verkauf\/hermle-u-630-t\/","title":{"rendered":"Hermle U 630 T"},"content":{"rendered":"<p><strong>Tipo di macchina:<\/strong><br \/>\n- Hermle U630T<br \/>\n- Anno di produzione 1997<\/p>\n<p><strong>Controllo:<\/strong><br \/>\n- Heidenhain TNC 410<br \/>\n- Volantino elettronico<\/p>\n<p><strong>Mandrino di lavoro:<\/strong><br \/>\n- Portautensili SK 40<br \/>\n- Gamma di velocit\u00e0 max. 7000 giri\/min.<br \/>\n- Corsa del cannotto 75 mm<\/p>\n<p><strong>Cambio utensile:<\/strong><br \/>\n- 16 spazi per riviste<\/p>\n<p><strong>Spazio di lavoro:<\/strong><br \/>\n- X- 630 mm ( 875 mm)<br \/>\n- Y - 500 mm<br \/>\n- Z- 500 mm<\/p>\n<p><strong>Design del tavolo:<\/strong><br \/>\n- Superficie di serraggio 900x528 mm<br \/>\n- Carico del tavolo max. 400Kg<\/p>\n<p><strong>Opzioni aggiuntive:<\/strong><br \/>\n- Unit\u00e0 refrigerante 120L.<\/p>","protected":false},"excerpt":{"rendered":"<p>La Hermle U 630 T \u00e8 una fresatrice universale di alta precisione con tavola girevole e testa orientabile. \u00c8 adatta alla lavorazione di pezzi complessi in vari materiali come metallo, plastica e legno. La macchina \u00e8 dotata di un moderno sistema di controllo e offre un'elevata flessibilit\u00e0 ed efficienza.<\/p>","protected":false},"featured_media":12095,"comment_status":"open","ping_status":"closed","template":"","meta":{"om_disable_all_campaigns":false},"product_cat":[97],"product_tag":[],"aioseo_notices":[],"jetpack_sharing_enabled":true,"_links":{"self":[{"href":"https:\/\/saho-maschinen.de\/it\/wp-json\/wp\/v2\/product\/715"}],"collection":[{"href":"https:\/\/saho-maschinen.de\/it\/wp-json\/wp\/v2\/product"}],"about":[{"href":"https:\/\/saho-maschinen.de\/it\/wp-json\/wp\/v2\/types\/product"}],"replies":[{"embeddable":true,"href":"https:\/\/saho-maschinen.de\/it\/wp-json\/wp\/v2\/comments?post=715"}],"wp:featuredmedia":[{"embeddable":true,"href":"https:\/\/saho-maschinen.de\/it\/wp-json\/wp\/v2\/media\/12095"}],"wp:attachment":[{"href":"https:\/\/saho-maschinen.de\/it\/wp-json\/wp\/v2\/media?parent=715"}],"wp:term":[{"taxonomy":"product_cat","embeddable":true,"href":"https:\/\/saho-maschinen.de\/it\/wp-json\/wp\/v2\/product_cat?post=715"},{"taxonomy":"product_tag","embeddable":true,"href":"https:\/\/saho-maschinen.de\/it\/wp-json\/wp\/v2\/product_tag?post=715"}],"curies":[{"name":"wp","href":"https:\/\/api.w.org\/{rel}","templated":true}]}}