{"id":12100,"date":"2023-03-03T12:55:37","date_gmt":"2023-03-03T12:55:37","guid":{"rendered":"https:\/\/saho-maschinen.de\/?post_type=product&#038;p=12100"},"modified":"2023-03-16T14:55:38","modified_gmt":"2023-03-16T14:55:38","slug":"mazak-nexus-510c","status":"publish","type":"product","link":"https:\/\/saho-maschinen.de\/it\/verkauf\/mazak-nexus-510c\/","title":{"rendered":"Mazak Nexus 510C"},"content":{"rendered":"<p><strong>Tipo di macchina:<\/strong><br \/>\n- MAZAK Nexus 510C<br \/>\n- Anno di produzione 2004<\/p>\n<p><strong>Viaggi<\/strong><br \/>\n- X-1050 mm, Y-510 mm, Z-510 mm<\/p>\n<p><strong>Controllo:<\/strong><br \/>\n- Mazatrol PC FUSION CNC 640M Nexus dialogo programmazione grafica a colori<br \/>\n- Volantino elettronico<\/p>\n<p><strong>Mandrino di lavoro:<\/strong><br \/>\n- Portautensili SK40<br \/>\n- Gamma di velocit\u00e0 max. 12000 giri\/min.<br \/>\n- Raffreddamento attraverso il mandrino 5 bar<\/p>\n<p><strong>Rivista di strumenti:<\/strong><br \/>\n- Cambio utensile 30 posizioni di magazzino<\/p>\n<p><strong>Design del tavolo:<\/strong><br \/>\n- Superficie di serraggio 1300 x 550 mm.<br \/>\n- Carico del tavolo max. 1200 kg<\/p>\n<p><strong>Opzioni aggiuntive:<\/strong><br \/>\n- Trasportatore di trucioli<br \/>\n- IKZ 15 bar\/ serbatoio da 250 litri<br \/>\n- Monitoraggio della rottura degli utensili<br \/>\n- Dispositivo di misurazione della lunghezza dell'utensile<br \/>\n- Documentazione<br \/>\n- 30 strumenti<br \/>\n- Sistema di serraggio a punto zero (vedi interno)<\/p>","protected":false},"excerpt":{"rendered":"<p>Il Nexus 510C di Mazak \u00e8 una potente fresatrice CNC ad alta precisione e velocit\u00e0. \u00c8 adatta alla lavorazione di un'ampia gamma di materiali e offre grande flessibilit\u00e0 e affidabilit\u00e0 nella produzione.<\/p>","protected":false},"featured_media":12101,"comment_status":"open","ping_status":"closed","template":"","meta":{"om_disable_all_campaigns":false},"product_cat":[97],"product_tag":[],"aioseo_notices":[],"jetpack_sharing_enabled":true,"_links":{"self":[{"href":"https:\/\/saho-maschinen.de\/it\/wp-json\/wp\/v2\/product\/12100"}],"collection":[{"href":"https:\/\/saho-maschinen.de\/it\/wp-json\/wp\/v2\/product"}],"about":[{"href":"https:\/\/saho-maschinen.de\/it\/wp-json\/wp\/v2\/types\/product"}],"replies":[{"embeddable":true,"href":"https:\/\/saho-maschinen.de\/it\/wp-json\/wp\/v2\/comments?post=12100"}],"wp:featuredmedia":[{"embeddable":true,"href":"https:\/\/saho-maschinen.de\/it\/wp-json\/wp\/v2\/media\/12101"}],"wp:attachment":[{"href":"https:\/\/saho-maschinen.de\/it\/wp-json\/wp\/v2\/media?parent=12100"}],"wp:term":[{"taxonomy":"product_cat","embeddable":true,"href":"https:\/\/saho-maschinen.de\/it\/wp-json\/wp\/v2\/product_cat?post=12100"},{"taxonomy":"product_tag","embeddable":true,"href":"https:\/\/saho-maschinen.de\/it\/wp-json\/wp\/v2\/product_tag?post=12100"}],"curies":[{"name":"wp","href":"https:\/\/api.w.org\/{rel}","templated":true}]}}