{"id":11118,"date":"2023-02-22T09:31:40","date_gmt":"2023-02-22T09:31:40","guid":{"rendered":"https:\/\/saho-maschinen.de\/?page_id=11118"},"modified":"2024-04-01T21:20:27","modified_gmt":"2024-04-01T21:20:27","slug":"impressum","status":"publish","type":"page","link":"https:\/\/saho-maschinen.de\/it\/impressum\/","title":{"rendered":"Impronta"},"content":{"rendered":"<div data-elementor-type=\"wp-page\" data-elementor-id=\"11118\" class=\"elementor elementor-11118\" data-elementor-post-type=\"page\">\n\t\t\t\t\t\t<section data-particle_enable=\"false\" data-particle-mobile-disabled=\"false\" class=\"elementor-section elementor-top-section elementor-element elementor-element-5bb1988 elementor-section-boxed elementor-section-height-default elementor-section-height-default\" data-id=\"5bb1988\" data-element_type=\"section\">\n\t\t\t\t\t\t<div class=\"elementor-container elementor-column-gap-default\">\n\t\t\t\t\t<div class=\"elementor-column elementor-col-100 elementor-top-column elementor-element elementor-element-78a052c top column-style-top\" data-id=\"78a052c\" data-element_type=\"column\">\n\t\t\t<div class=\"elementor-widget-wrap elementor-element-populated\">\n\t\t\t\t\t\t<div class=\"elementor-element elementor-element-0d8eabf elementor-widget elementor-widget-html\" data-id=\"0d8eabf\" data-element_type=\"widget\" data-widget_type=\"html.default\">\n\t\t\t\t<div class=\"elementor-widget-container\">\n\t\t\t<h1>Impronta<\/h1>\r\n\r\n<h2>Informazioni ai sensi del \u00a7 5 TMG<\/h2>\r\n<p>Sascha Hof<br \/>\r\nAcquisto\/vendita di torni e fresatrici CNC<br \/>\r\nSentiero dei prati 14<br \/>\r\n86759 Holzkirchen<\/p>\r\n\r\n<h2>Contatto<\/h2>\r\n<p>Telefono: 09085 26897-0<br \/>\r\nE-mail: kontakt@saho-maschinen.de<\/p>\r\n\r\n<h2>ID IVA<\/h2>\r\n<p>Numero di identificazione dell'imposta sulle vendite ai sensi del \u00a7 27 a della legge tedesca sull'imposta sulle vendite:<br \/>\r\nDE244695609<\/p>\r\n\r\n<h2>Responsabile editoriale<\/h2>\r\n<p>Consulenza piatta <br \/>\r\nLange Gasse 10<br \/>\r\n86152 Augsburg<\/p>\r\n\r\n<h2>Risoluzione delle controversie nell'UE<\/h2>\r\n<p>La Commissione europea offre una piattaforma per la risoluzione delle controversie online (ODR): <a href=\"https:\/\/ec.europa.eu\/consumers\/odr\/\" target=\"_blank\" rel=\"noopener noreferrer\">https:\/\/ec.europa.eu\/consumers\/odr\/<\/a>.<br \/> Il nostro indirizzo e-mail \u00e8 riportato nel riquadro in alto.<\/p>\r\n\r\n<h2>Risoluzione delle controversie dei consumatori\/Consiglio arbitrale universale<\/h2>\r\n<p>Partecipiamo a una procedura di risoluzione delle controversie davanti a un collegio arbitrale dei consumatori. Il collegio arbitrale universale del Zentrum f\u00fcr Schlichtung e.V., Stra\u00dfburger Stra\u00dfe 8, 77694 Kehl am Rhein (<a href=\"https:\/\/www.verbraucher-schlichter.de\" rel=\"noopener noreferrer\" target=\"_blank\">https:\/\/www.verbraucher-schlichter.de<\/a>).<\/p>\t\t<\/div>\n\t\t\t\t<\/div>\n\t\t\t\t\t<\/div>\n\t\t<\/div>\n\t\t\t\t\t<\/div>\n\t\t<\/section>\n\t\t\t\t<\/div>","protected":false},"excerpt":{"rendered":"<p>Informazioni ai sensi del \u00a7 5 TMG Sascha Hof CNC Dreh &amp; Fr\u00e4smaschinen An-\/Verkauf Wiesenweg 14 86759 Holzkirchen Contatto Telefono: 09085 26897-0 E-Mail: kontakt@saho-maschinen.de Sales tax ID Numero di identificazione dell'imposta sulle vendite ai sensi del \u00a7 27 a Umsatzsteuergesetz: DE244695609 Responsabile editoriale Flat-Consulting Lange Gasse 10 86152 Augsburg Risoluzione delle controversie UE La Commissione europea mette a disposizione una piattaforma per la risoluzione delle controversie online (OS): https:\/\/ec.europa.eu\/consumers\/odr\/. Il nostro indirizzo e-mail \u00e8 [...]<\/p>","protected":false},"author":1,"featured_media":0,"parent":0,"menu_order":0,"comment_status":"closed","ping_status":"closed","template":"","meta":{"om_disable_all_campaigns":false,"footnotes":""},"aioseo_notices":[],"jetpack_sharing_enabled":true,"_links":{"self":[{"href":"https:\/\/saho-maschinen.de\/it\/wp-json\/wp\/v2\/pages\/11118"}],"collection":[{"href":"https:\/\/saho-maschinen.de\/it\/wp-json\/wp\/v2\/pages"}],"about":[{"href":"https:\/\/saho-maschinen.de\/it\/wp-json\/wp\/v2\/types\/page"}],"author":[{"embeddable":true,"href":"https:\/\/saho-maschinen.de\/it\/wp-json\/wp\/v2\/users\/1"}],"replies":[{"embeddable":true,"href":"https:\/\/saho-maschinen.de\/it\/wp-json\/wp\/v2\/comments?post=11118"}],"version-history":[{"count":12,"href":"https:\/\/saho-maschinen.de\/it\/wp-json\/wp\/v2\/pages\/11118\/revisions"}],"predecessor-version":[{"id":12638,"href":"https:\/\/saho-maschinen.de\/it\/wp-json\/wp\/v2\/pages\/11118\/revisions\/12638"}],"wp:attachment":[{"href":"https:\/\/saho-maschinen.de\/it\/wp-json\/wp\/v2\/media?parent=11118"}],"curies":[{"name":"wp","href":"https:\/\/api.w.org\/{rel}","templated":true}]}}