{"id":912,"date":"2023-03-03T09:32:45","date_gmt":"2023-03-03T09:32:45","guid":{"rendered":"https:\/\/www.gavias-theme.com\/wp\/indutri\/?post_type=product&#038;p=912"},"modified":"2025-05-19T19:20:22","modified_gmt":"2025-05-19T19:20:22","slug":"doosan-mynx-nm-510","status":"publish","type":"product","link":"https:\/\/saho-maschinen.de\/fr\/verkauf\/doosan-mynx-nm-510\/","title":{"rendered":"DOOSAN Mynx NM 510"},"content":{"rendered":"<p><strong>Type de machine<\/strong><br \/>\nDoosan Minx NM 510<br \/>\nAnn\u00e9e de construction 2007<br \/>\nCommande Fanuc Series Oi-MC\u00a0<strong>Guide manuel i<\/strong>\u00a0(volant \u00e9lectrique)<br \/>\nCourse X-1020mm , Y-510mm , Z-625mm<\/p>\n<p><strong>Broche de travail :<\/strong><br \/>\nVitesse de rotation de la broche max. 8000 tr\/min.<br \/>\nPorte-outil SK40<\/p>\n<p><strong>Magasin d'outils :<\/strong><br \/>\nNombre d'emplacements d'outils 24<\/p>\n<p><strong>Accessoires :<\/strong><br \/>\nArrosage interne<br \/>\nConvoyeur \u00e0 copeaux<br \/>\nDocumentation, machines Documents<\/p>","protected":false},"excerpt":{"rendered":"<p>La DOOSAN Mynx NM 510 est une fraiseuse CNC de haute pr\u00e9cision et de haute performance, id\u00e9ale pour une grande vari\u00e9t\u00e9 d'applications. Avec une large plage de travail, un moteur de broche puissant et des options de contr\u00f4le avanc\u00e9es, cette machine offre une pr\u00e9cision et une efficacit\u00e9 maximales.<\/p>","protected":false},"featured_media":12128,"comment_status":"open","ping_status":"closed","template":"","meta":{"om_disable_all_campaigns":false},"product_cat":[97],"product_tag":[],"aioseo_notices":[],"jetpack_sharing_enabled":true,"_links":{"self":[{"href":"https:\/\/saho-maschinen.de\/fr\/wp-json\/wp\/v2\/product\/912"}],"collection":[{"href":"https:\/\/saho-maschinen.de\/fr\/wp-json\/wp\/v2\/product"}],"about":[{"href":"https:\/\/saho-maschinen.de\/fr\/wp-json\/wp\/v2\/types\/product"}],"replies":[{"embeddable":true,"href":"https:\/\/saho-maschinen.de\/fr\/wp-json\/wp\/v2\/comments?post=912"}],"wp:featuredmedia":[{"embeddable":true,"href":"https:\/\/saho-maschinen.de\/fr\/wp-json\/wp\/v2\/media\/12128"}],"wp:attachment":[{"href":"https:\/\/saho-maschinen.de\/fr\/wp-json\/wp\/v2\/media?parent=912"}],"wp:term":[{"taxonomy":"product_cat","embeddable":true,"href":"https:\/\/saho-maschinen.de\/fr\/wp-json\/wp\/v2\/product_cat?post=912"},{"taxonomy":"product_tag","embeddable":true,"href":"https:\/\/saho-maschinen.de\/fr\/wp-json\/wp\/v2\/product_tag?post=912"}],"curies":[{"name":"wp","href":"https:\/\/api.w.org\/{rel}","templated":true}]}}