{"id":721,"date":"2023-03-03T02:55:39","date_gmt":"2023-03-03T02:55:39","guid":{"rendered":"https:\/\/www.gavias-theme.com\/wp\/indutri\/?post_type=product&#038;p=721"},"modified":"2025-05-20T07:28:08","modified_gmt":"2025-05-20T07:28:08","slug":"deckel-maho-dmc-635-v","status":"publish","type":"product","link":"https:\/\/saho-maschinen.de\/fr\/verkauf\/deckel-maho-dmc-635-v\/","title":{"rendered":"Couvercle Maho DMC 635 V"},"content":{"rendered":"<p><a><strong>Donn\u00e9es techniques :<\/strong><br \/>\n- Couvercle Maho DMC 635V<br \/>\n- Ann\u00e9e de construction 2010<br \/>\n- Commande Heidenhain iTNC 530 DMG ERGOline<\/a><\/p>\n<p><strong>Domaine de travail :<\/strong><br \/>\n- X = 635mm , Y = 510mm , Z = 460mm<\/p>\n<p><strong>Broche de travail :<\/strong><br \/>\n- Vitesse de rotation de la broche max. 10000 tr\/min.<br \/>\n- Porte-outil SK40<br \/>\n- Refroidissement des broches<\/p>\n<p><strong>Automatisation :<\/strong><br \/>\n- Syst\u00e8me de mesure de d\u00e9placement direct X-Y-Z, y compris air de blocage pour les syst\u00e8mes de mesure<br \/>\n- Palpeur de mesure Infarot Fabr. Renishaw PP60 optical (OMP60)<br \/>\n- Etalonnage d'outils Blum, longueur d'outil et mesure de diam\u00e8tre<br \/>\nnettoyage automatique par air souffl\u00e9 externe<br \/>\n- Mandrin de calibrage avec porte-outil<\/p>\n<p><strong>Convoyeur de copeaux :<\/strong><br \/>\n- Convoyeur \u00e0 copeaux avec version \u00e0 bande \u00e0 raclettes<\/p>\n<p><strong>Syst\u00e8me de filtre \u00e0 bande :<\/strong><br \/>\n- Arrosage interne avec filtre \u00e0 bande de papier 20 Bar \/ 600L. R\u00e9servoir<\/p>\n<p><strong>Magasin d'outils :<\/strong><br \/>\n- Nombre d'emplacements d'outils 30<br \/>\n- Temps de changement d'outil 1,6 s<\/p>\n<p><strong>Mod\u00e8le de table :<\/strong><br \/>\n- Surface de serrage de la table 560 x 790mm<br \/>\n- Charge max. Charge de la table 600 kg<\/p>\n<p><strong>heures de fonctionnement :<\/strong><br \/>\n- Machine un 14443 std.<br \/>\n- Broche un 5508 std.<\/p>","protected":false},"excerpt":{"rendered":"<p>La Deckel Maho DMC 635 V est une fraiseuse CNC puissante qui se distingue par sa grande pr\u00e9cision et sa flexibilit\u00e9. Elle est particuli\u00e8rement adapt\u00e9e \u00e0 l'usinage de pi\u00e8ces en m\u00e9tal et en plastique dans le cadre d'une fabrication \u00e0 l'unit\u00e9 ou en s\u00e9rie.<\/p>","protected":false},"featured_media":12070,"comment_status":"open","ping_status":"closed","template":"","meta":{"om_disable_all_campaigns":false},"product_cat":[97],"product_tag":[],"aioseo_notices":[],"jetpack_sharing_enabled":true,"_links":{"self":[{"href":"https:\/\/saho-maschinen.de\/fr\/wp-json\/wp\/v2\/product\/721"}],"collection":[{"href":"https:\/\/saho-maschinen.de\/fr\/wp-json\/wp\/v2\/product"}],"about":[{"href":"https:\/\/saho-maschinen.de\/fr\/wp-json\/wp\/v2\/types\/product"}],"replies":[{"embeddable":true,"href":"https:\/\/saho-maschinen.de\/fr\/wp-json\/wp\/v2\/comments?post=721"}],"wp:featuredmedia":[{"embeddable":true,"href":"https:\/\/saho-maschinen.de\/fr\/wp-json\/wp\/v2\/media\/12070"}],"wp:attachment":[{"href":"https:\/\/saho-maschinen.de\/fr\/wp-json\/wp\/v2\/media?parent=721"}],"wp:term":[{"taxonomy":"product_cat","embeddable":true,"href":"https:\/\/saho-maschinen.de\/fr\/wp-json\/wp\/v2\/product_cat?post=721"},{"taxonomy":"product_tag","embeddable":true,"href":"https:\/\/saho-maschinen.de\/fr\/wp-json\/wp\/v2\/product_tag?post=721"}],"curies":[{"name":"wp","href":"https:\/\/api.w.org\/{rel}","templated":true}]}}