{"id":717,"date":"2023-03-03T02:39:51","date_gmt":"2023-03-03T02:39:51","guid":{"rendered":"https:\/\/www.gavias-theme.com\/wp\/indutri\/?post_type=product&#038;p=717"},"modified":"2025-05-19T20:49:00","modified_gmt":"2025-05-19T20:49:00","slug":"deckel-maho-dmu-50-evo-linear","status":"publish","type":"product","link":"https:\/\/saho-maschinen.de\/fr\/verkauf\/deckel-maho-dmu-50-evo-linear\/","title":{"rendered":"Couvercle Maho DMU 50 eVo Linear"},"content":{"rendered":"<p><strong>Donn\u00e9es techniques :<\/strong><\/p>\n<p><strong>Type de machine :<\/strong><br \/>\n- DMU 50 eVo Usinage lin\u00e9aire 5 axes SIMULTAN<br \/>\n- Ann\u00e9e de construction 2011 (mise en service 2012)<br \/>\n- Course X-500mm, Y-450mm, Z-400mm<\/p>\n<p><strong>Contr\u00f4le :<\/strong><br \/>\n- Commande Heidenhain iTNC 530 HCSI<br \/>\n- Volant \u00e9lectronique<br \/>\n- Palpeur de mesure infrarouge Heidenhain TS649 DMG<\/p>\n<p><strong>Broche de travail :<\/strong><br \/>\n- Porte-outils SK40<br \/>\n- Plage de vitesse de rotation max. 18000 tr\/min.<\/p>\n<p><strong>Magasin d'outils :<\/strong><br \/>\n- Changeur d'outils 30 emplacements de magasin<\/p>\n<p><strong>Mod\u00e8le de table :<\/strong><br \/>\nTable ronde pivotante NC<br \/>\n- Axe B -5\u00b0 \u00e0 +110<br \/>\n- Axe C 360<\/p>\n<p><strong>Options suppl\u00e9mentaires :<\/strong><br \/>\n- Convoyeur \u00e0 raclettes pour copeaux<br \/>\n- IKZ Filtre \u00e0 bande papier 40 bar\/ r\u00e9servoir 600ltr.<br \/>\n- y compris \u00e9cran rotatif, syst\u00e8me de mesure lin\u00e9aire \u00e0 air de barrage, rin\u00e7age du lit<br \/>\n- Air de soufflage par le centre de la broche<br \/>\n- S\u00e9parateur de brouillard d'huile et d'\u00e9mulsion m\u00e9canique<br \/>\n- Pistolet de rin\u00e7age pour le rin\u00e7age des copeaux<br \/>\n- Mode de fonctionnement 4<br \/>\n- Mesure d'outils au laser<br \/>\n- Syst\u00e8me de mesure direct<br \/>\n- Pr\u00e9paration pour 3D Quickset Toolkits<br \/>\n- Documentation<\/p>","protected":false},"excerpt":{"rendered":"<p>La Deckel Maho DMU 50 eVo Linear est une puissante fraiseuse \u00e0 5 axes offrant une grande pr\u00e9cision et une grande flexibilit\u00e9. Elle est adapt\u00e9e aux pi\u00e8ces complexes dans la fabrication \u00e0 l'unit\u00e9 ou en s\u00e9rie et dispose d'une fonction de changement d'outil automatique.<\/p>","protected":false},"featured_media":12112,"comment_status":"open","ping_status":"closed","template":"","meta":{"om_disable_all_campaigns":false},"product_cat":[97],"product_tag":[],"aioseo_notices":[],"jetpack_sharing_enabled":true,"_links":{"self":[{"href":"https:\/\/saho-maschinen.de\/fr\/wp-json\/wp\/v2\/product\/717"}],"collection":[{"href":"https:\/\/saho-maschinen.de\/fr\/wp-json\/wp\/v2\/product"}],"about":[{"href":"https:\/\/saho-maschinen.de\/fr\/wp-json\/wp\/v2\/types\/product"}],"replies":[{"embeddable":true,"href":"https:\/\/saho-maschinen.de\/fr\/wp-json\/wp\/v2\/comments?post=717"}],"wp:featuredmedia":[{"embeddable":true,"href":"https:\/\/saho-maschinen.de\/fr\/wp-json\/wp\/v2\/media\/12112"}],"wp:attachment":[{"href":"https:\/\/saho-maschinen.de\/fr\/wp-json\/wp\/v2\/media?parent=717"}],"wp:term":[{"taxonomy":"product_cat","embeddable":true,"href":"https:\/\/saho-maschinen.de\/fr\/wp-json\/wp\/v2\/product_cat?post=717"},{"taxonomy":"product_tag","embeddable":true,"href":"https:\/\/saho-maschinen.de\/fr\/wp-json\/wp\/v2\/product_tag?post=717"}],"curies":[{"name":"wp","href":"https:\/\/api.w.org\/{rel}","templated":true}]}}