{"id":715,"date":"2023-03-03T02:36:20","date_gmt":"2023-03-03T02:36:20","guid":{"rendered":"https:\/\/www.gavias-theme.com\/wp\/indutri\/?post_type=product&#038;p=715"},"modified":"2025-05-20T07:17:13","modified_gmt":"2025-05-20T07:17:13","slug":"hermle-u-630-t","status":"publish","type":"product","link":"https:\/\/saho-maschinen.de\/fr\/verkauf\/hermle-u-630-t\/","title":{"rendered":"Hermle U 630 T"},"content":{"rendered":"<p><strong>Type de machine :<\/strong><br \/>\n- Hermle U630T<br \/>\n- Ann\u00e9e de construction 1997<\/p>\n<p><strong>Contr\u00f4le :<\/strong><br \/>\n- Heidenhain TNC 410<br \/>\n- Volant \u00e9lectronique<\/p>\n<p><strong>Broche de travail :<\/strong><br \/>\n- Porte-outil SK 40<br \/>\n- Plage de vitesse de rotation max. 7000 tr\/min<br \/>\n- Course du fourreau 75mm<\/p>\n<p><strong>Changeur d'outils :<\/strong><br \/>\n- 16 emplacements de magasin<\/p>\n<p><strong>Domaine de travail :<\/strong><br \/>\n- X- 630mm ( 875mm)<br \/>\n- Y- 500mm<br \/>\n- Z- 500mm<\/p>\n<p><strong>Mod\u00e8le de table :<\/strong><br \/>\n- Surface de serrage 900x528mm<br \/>\n- charge de table max. 400Kg<\/p>\n<p><strong>Options suppl\u00e9mentaires :<\/strong><br \/>\n- Dispositif d'arrosage 120L.<\/p>","protected":false},"excerpt":{"rendered":"<p>La Hermle U 630 T est une fraiseuse universelle de haute pr\u00e9cision avec table rotative pivotante et t\u00eate pivotante. Elle est adapt\u00e9e \u00e0 l'usinage de pi\u00e8ces complexes dans diff\u00e9rents mat\u00e9riaux tels que le m\u00e9tal, le plastique et le bois. La machine est \u00e9quip\u00e9e d'une commande moderne et offre une grande flexibilit\u00e9 ainsi qu'une grande efficacit\u00e9.<\/p>","protected":false},"featured_media":12095,"comment_status":"open","ping_status":"closed","template":"","meta":{"om_disable_all_campaigns":false},"product_cat":[97],"product_tag":[],"aioseo_notices":[],"jetpack_sharing_enabled":true,"_links":{"self":[{"href":"https:\/\/saho-maschinen.de\/fr\/wp-json\/wp\/v2\/product\/715"}],"collection":[{"href":"https:\/\/saho-maschinen.de\/fr\/wp-json\/wp\/v2\/product"}],"about":[{"href":"https:\/\/saho-maschinen.de\/fr\/wp-json\/wp\/v2\/types\/product"}],"replies":[{"embeddable":true,"href":"https:\/\/saho-maschinen.de\/fr\/wp-json\/wp\/v2\/comments?post=715"}],"wp:featuredmedia":[{"embeddable":true,"href":"https:\/\/saho-maschinen.de\/fr\/wp-json\/wp\/v2\/media\/12095"}],"wp:attachment":[{"href":"https:\/\/saho-maschinen.de\/fr\/wp-json\/wp\/v2\/media?parent=715"}],"wp:term":[{"taxonomy":"product_cat","embeddable":true,"href":"https:\/\/saho-maschinen.de\/fr\/wp-json\/wp\/v2\/product_cat?post=715"},{"taxonomy":"product_tag","embeddable":true,"href":"https:\/\/saho-maschinen.de\/fr\/wp-json\/wp\/v2\/product_tag?post=715"}],"curies":[{"name":"wp","href":"https:\/\/api.w.org\/{rel}","templated":true}]}}