{"id":708,"date":"2023-03-03T02:22:52","date_gmt":"2023-03-03T02:22:52","guid":{"rendered":"https:\/\/www.gavias-theme.com\/wp\/indutri\/?product=toshiba-satellite-c55-c5241-15-6-inch-laptop"},"modified":"2025-05-19T20:46:27","modified_gmt":"2025-05-19T20:46:27","slug":"deckel-maho-dmu-65-monoblock","status":"publish","type":"product","link":"https:\/\/saho-maschinen.de\/fr\/verkauf\/deckel-maho-dmu-65-monoblock\/","title":{"rendered":"Couvercle Maho DMU 65 monoBLOCK"},"content":{"rendered":"<p><strong>Type de machine :<\/strong><br \/>\n- DMU 65 monoBLOCK Usinage 5 axes SIMULTAN<br \/>\n- Paquet de production<br \/>\n- Ann\u00e9e de construction 2012<br \/>\n- Course X-730mm, Y-650mm, Z-560mm<\/p>\n<p><strong>Contr\u00f4le :<\/strong><br \/>\n- Commande 3-D Heidenhain iTNC 530<br \/>\n- Mode de fonctionnement 4<\/p>\n<p><strong>Broche de travail :<\/strong><br \/>\n- Porte-outils SK40<br \/>\n- Plage de vitesse de rotation max. 18000 tr\/min.<br \/>\n- Air de soufflage centre de la broche<br \/>\n- Refroidissement des broches<\/p>\n<p><strong>Magasin d'outils :<\/strong><br \/>\n- Changeur d'outils 90 emplacements de magasin<\/p>\n<p><strong>Table de travail :<\/strong><br \/>\n- Table circulaire pivotante CN axe A +-120\u00b0, axe C 360<br \/>\nserrage hydr. pour table ronde pivotante<\/p>\n<p><strong>Automatisation\/Mesure\/<wbr \/>Surveiller :<\/strong><br \/>\n- Palpeur de mesure infrarouge (Fabr. Heidenhain TS 649 DMG)<br \/>\n- 3D quikSET<br \/>\n- Mesure d'outils dans l'espace de travail (Fabr. Blum Laser)<br \/>\n- Air Clear<br \/>\n- Lampe de signalisation quadrichromique<\/p>\n<p><strong>Fluides de refroidissement\/\u00e9vacuation des copeaux :<\/strong><br \/>\n- Convoyeur \u00e0 copeaux<br \/>\n- Alimentation interne en liquide de coupe (IKZ)<br \/>\n- Filtre \u00e0 bande papier 40bar \/ r\u00e9servoir 600l.<br \/>\n- Air de barrage Syst\u00e8mes de mesure lin\u00e9aires,Rin\u00e7age du lit<br \/>\n- Pistolet de rin\u00e7age pour le rin\u00e7age des copeaux<br \/>\n- S\u00e9parateur de brouillard d'huile et d'\u00e9mulsion<\/p>","protected":false},"excerpt":{"rendered":"<p>La Deckel Maho DMU 65 monoBLOCK est une fraiseuse 5 axes de haute pr\u00e9cision avec un b\u00e2ti de machine stable et r\u00e9sistant \u00e0 la torsion. Elle offre une dynamique et une pr\u00e9cision \u00e9lev\u00e9es pour l'usinage de pi\u00e8ces complexes.<\/p>","protected":false},"featured_media":12120,"comment_status":"open","ping_status":"closed","template":"","meta":{"om_disable_all_campaigns":false},"product_cat":[97],"product_tag":[],"aioseo_notices":[],"jetpack_sharing_enabled":true,"_links":{"self":[{"href":"https:\/\/saho-maschinen.de\/fr\/wp-json\/wp\/v2\/product\/708"}],"collection":[{"href":"https:\/\/saho-maschinen.de\/fr\/wp-json\/wp\/v2\/product"}],"about":[{"href":"https:\/\/saho-maschinen.de\/fr\/wp-json\/wp\/v2\/types\/product"}],"replies":[{"embeddable":true,"href":"https:\/\/saho-maschinen.de\/fr\/wp-json\/wp\/v2\/comments?post=708"}],"wp:featuredmedia":[{"embeddable":true,"href":"https:\/\/saho-maschinen.de\/fr\/wp-json\/wp\/v2\/media\/12120"}],"wp:attachment":[{"href":"https:\/\/saho-maschinen.de\/fr\/wp-json\/wp\/v2\/media?parent=708"}],"wp:term":[{"taxonomy":"product_cat","embeddable":true,"href":"https:\/\/saho-maschinen.de\/fr\/wp-json\/wp\/v2\/product_cat?post=708"},{"taxonomy":"product_tag","embeddable":true,"href":"https:\/\/saho-maschinen.de\/fr\/wp-json\/wp\/v2\/product_tag?post=708"}],"curies":[{"name":"wp","href":"https:\/\/api.w.org\/{rel}","templated":true}]}}