{"id":12662,"date":"2024-08-06T19:52:18","date_gmt":"2024-08-06T19:52:18","guid":{"rendered":"https:\/\/saho-maschinen.de\/?post_type=product&#038;p=12662"},"modified":"2025-05-19T19:54:19","modified_gmt":"2025-05-19T19:54:19","slug":"deckel-maho-dmc-835v","status":"publish","type":"product","link":"https:\/\/saho-maschinen.de\/fr\/verkauf\/deckel-maho-dmc-835v\/","title":{"rendered":"COUVERCLE MAHO DMC 835V"},"content":{"rendered":"<p><strong>Type de machine :<\/strong><br \/>\n- Couvercle Maho DMC 835V<br \/>\n- Ann\u00e9e de construction 2008<br \/>\n- Course X-835mm, Y- 510mm, Z-510mm<\/p>\n<p><strong>Contr\u00f4le :<\/strong><br \/>\n- Commande Heidenhain iTNC 530<br \/>\n- Volant \u00e9lectronique<br \/>\n- Palpeur de mesure 3D infrarouge Heidenhain<\/p>\n<p><strong>Broche de travail :<\/strong><br \/>\n- Porte-outils SK40<br \/>\n- Plage de vitesse de rotation max. 14000 tr\/min.<\/p>\n<p><strong>Magasin d'outils :<\/strong><br \/>\n- Changeur d'outils 30 emplacements de magasin<\/p>\n<p><strong>Mod\u00e8le de table :<\/strong><br \/>\n- Table angulaire rigide<br \/>\n- surface de serrage 790 x 560mm<\/p>\n<p><strong>Options suppl\u00e9mentaires :<\/strong><br \/>\n- Convoyeur \u00e0 copeaux<br \/>\n- IKZ 20 Bar<br \/>\n- Pistolet de rin\u00e7age pour le rin\u00e7age des copeaux<br \/>\n- Mesure d'outils au laser<br \/>\n- Documentation<\/p>\n<p>Y compris divers porte-outils SK40 (voir photo)<\/p>\n<p><strong>D\u00e9lai de livraison :<\/strong><br \/>\n- Imm\u00e9diatement ou \u00e0 convenir<\/p>","protected":false},"excerpt":{"rendered":"<p>Maschinentyp: &#8211; Deckel Maho DMC 835V &#8211; Baujahr 2008 &#8211; Verfahrwege X-835mm, Y- 510mm, Z-510mm Steuerung: &#8211; Steuerung Heidenhain iTNC 530 &#8211; Elektronisches Handrad &#8211; 3D Messtaster Infrarot Heidenhain Arbeitsspindel: &#8211; Werkzeuhaufnahme SK40 &#8211; Drehzahlbereich max. 14000U\/min. Werkzeugmagazin: &#8211; Werkzeugwechsler 30 Magazinpl\u00e4tze Tischausf\u00fchrung: &#8211; Starrer Winkeltisch &#8211; Aufspannfl\u00e4che 790 x 560mm Zusatzoptionen: &#8211; Sp\u00e4nef\u00f6rderer &#8211; [&hellip;]<\/p>","protected":false},"featured_media":12665,"comment_status":"open","ping_status":"closed","template":"","meta":{"om_disable_all_campaigns":false},"product_cat":[16],"product_tag":[],"aioseo_notices":[],"jetpack_sharing_enabled":true,"_links":{"self":[{"href":"https:\/\/saho-maschinen.de\/fr\/wp-json\/wp\/v2\/product\/12662"}],"collection":[{"href":"https:\/\/saho-maschinen.de\/fr\/wp-json\/wp\/v2\/product"}],"about":[{"href":"https:\/\/saho-maschinen.de\/fr\/wp-json\/wp\/v2\/types\/product"}],"replies":[{"embeddable":true,"href":"https:\/\/saho-maschinen.de\/fr\/wp-json\/wp\/v2\/comments?post=12662"}],"wp:featuredmedia":[{"embeddable":true,"href":"https:\/\/saho-maschinen.de\/fr\/wp-json\/wp\/v2\/media\/12665"}],"wp:attachment":[{"href":"https:\/\/saho-maschinen.de\/fr\/wp-json\/wp\/v2\/media?parent=12662"}],"wp:term":[{"taxonomy":"product_cat","embeddable":true,"href":"https:\/\/saho-maschinen.de\/fr\/wp-json\/wp\/v2\/product_cat?post=12662"},{"taxonomy":"product_tag","embeddable":true,"href":"https:\/\/saho-maschinen.de\/fr\/wp-json\/wp\/v2\/product_tag?post=12662"}],"curies":[{"name":"wp","href":"https:\/\/api.w.org\/{rel}","templated":true}]}}