{"id":12650,"date":"2024-08-06T19:43:12","date_gmt":"2024-08-06T19:43:12","guid":{"rendered":"https:\/\/saho-maschinen.de\/?post_type=product&#038;p=12650"},"modified":"2025-05-19T07:40:24","modified_gmt":"2025-05-19T07:40:24","slug":"wemas-vz-1000","status":"publish","type":"product","link":"https:\/\/saho-maschinen.de\/fr\/verkauf\/wemas-vz-1000\/","title":{"rendered":"Wemas VZ 1000"},"content":{"rendered":"<div>\n<div>\n<div>\n<div>\n<div><strong>Offre<\/strong><\/div>\n<\/div>\n<\/div>\n<\/div>\n<p><strong>WEMAS VZ 1000<\/strong><br \/>\n- Commande Heidenhain iTNC 530<br \/>\n- Ann\u00e9e de construction 2004<br \/>\n- Etalonnage d'outils Tool Eye<br \/>\n- Arrosage<br \/>\n- Bac \u00e0 copeaux<\/p>\n<p><strong>Espace de travail :<\/strong><br \/>\n- Course X-1000mm , Y-600mm , Z-650mm<\/p>\n<p><strong>Broche principale :<\/strong><br \/>\n- Vitesse de rotation de la broche max. 8000 tr\/min.<br \/>\n- Porte-outil SK 40<\/p>\n<p><strong>table :<\/strong><br \/>\n- surface de serrage 1300 x 600mm<br \/>\n- charge de la table 1200kg<\/p>\n<p><strong>Changeur d'outils :<\/strong><br \/>\n- 20 emplacements de magasin<\/p>\n<\/div>\n<div><\/div>\n<div class=\"v1col v1beschreibung\"><strong>D\u00e9lai de livraison :<\/strong><br \/>\n- Imm\u00e9diatement<\/div>","protected":false},"excerpt":{"rendered":"<p>Offre WEMAS VZ 1000 - Commande Heidenhain iTNC 530 - Ann\u00e9e de construction 2004 - R\u00e9glage d'outil Tool Eye - Arrosage - Bac \u00e0 copeaux Zone de travail : - Course X-1000mm , Y-600mm , Z-650mm Broche principale : - Vitesse de broche max. 8000 tr\/min. - Porte-outil SK 40 Table : - surface de serrage 1300 x 600mm - charge de la table 1200kg Changeur d'outils : - 20 emplacements de magasin D\u00e9lai de livraison : - imm\u00e9diat<\/p>","protected":false},"featured_media":12651,"comment_status":"open","ping_status":"closed","template":"","meta":{"om_disable_all_campaigns":false},"product_cat":[97],"product_tag":[],"aioseo_notices":[],"jetpack_sharing_enabled":true,"_links":{"self":[{"href":"https:\/\/saho-maschinen.de\/fr\/wp-json\/wp\/v2\/product\/12650"}],"collection":[{"href":"https:\/\/saho-maschinen.de\/fr\/wp-json\/wp\/v2\/product"}],"about":[{"href":"https:\/\/saho-maschinen.de\/fr\/wp-json\/wp\/v2\/types\/product"}],"replies":[{"embeddable":true,"href":"https:\/\/saho-maschinen.de\/fr\/wp-json\/wp\/v2\/comments?post=12650"}],"wp:featuredmedia":[{"embeddable":true,"href":"https:\/\/saho-maschinen.de\/fr\/wp-json\/wp\/v2\/media\/12651"}],"wp:attachment":[{"href":"https:\/\/saho-maschinen.de\/fr\/wp-json\/wp\/v2\/media?parent=12650"}],"wp:term":[{"taxonomy":"product_cat","embeddable":true,"href":"https:\/\/saho-maschinen.de\/fr\/wp-json\/wp\/v2\/product_cat?post=12650"},{"taxonomy":"product_tag","embeddable":true,"href":"https:\/\/saho-maschinen.de\/fr\/wp-json\/wp\/v2\/product_tag?post=12650"}],"curies":[{"name":"wp","href":"https:\/\/api.w.org\/{rel}","templated":true}]}}