{"id":12227,"date":"2023-03-07T11:24:56","date_gmt":"2023-03-07T11:24:56","guid":{"rendered":"https:\/\/saho-maschinen.de\/?post_type=product&#038;p=12227"},"modified":"2025-09-18T06:11:07","modified_gmt":"2025-09-18T06:11:07","slug":"bridgeport-xr-760","status":"publish","type":"product","link":"https:\/\/saho-maschinen.de\/fr\/verkauf\/bridgeport-xr-760\/","title":{"rendered":"Bridgeport XR 760"},"content":{"rendered":"<p><strong>Type de machine :<\/strong><br \/>\nBridgeport XR 760<br \/>\nAnn\u00e9e de construction 2015<br \/>\nCommande Heidenhain iTNC 530 (manivelle \u00e9lectrique)<br \/>\nCourse X-760mm , Y-610mm , Z-610mm<br \/>\nLiquide de refroidissement IKZ 20 Bar<br \/>\nConvoyeur \u00e0 copeaux<\/p>\n<p><strong>Broche de travail :<\/strong><br \/>\nSyst\u00e8me BIG-PLUS<br \/>\nVitesse de rotation de la broche max. 12000 tr\/min.<br \/>\nPorte-outil SK40<\/p>\n<p><strong>Magasin d'outils :<\/strong><br \/>\nNombre d'emplacements d'outils 30<br \/>\nBras double<\/p>\n<p><strong>Table de machine :<\/strong><br \/>\nlongueur x largeur 1000 x 600mm<br \/>\ncharge de la table 700 Kg<\/p>","protected":false},"excerpt":{"rendered":"<p>La Bridgeport XR 760 est une machine d'usinage verticale de haute pr\u00e9cision et de haute performance. Elle est dot\u00e9e d'une structure robuste et d'un changeur d'outils rapide qui permet d'usiner efficacement les pi\u00e8ces.<\/p>","protected":false},"featured_media":12223,"comment_status":"open","ping_status":"closed","template":"","meta":{"om_disable_all_campaigns":false},"product_cat":[97],"product_tag":[],"aioseo_notices":[],"jetpack_sharing_enabled":true,"_links":{"self":[{"href":"https:\/\/saho-maschinen.de\/fr\/wp-json\/wp\/v2\/product\/12227"}],"collection":[{"href":"https:\/\/saho-maschinen.de\/fr\/wp-json\/wp\/v2\/product"}],"about":[{"href":"https:\/\/saho-maschinen.de\/fr\/wp-json\/wp\/v2\/types\/product"}],"replies":[{"embeddable":true,"href":"https:\/\/saho-maschinen.de\/fr\/wp-json\/wp\/v2\/comments?post=12227"}],"wp:featuredmedia":[{"embeddable":true,"href":"https:\/\/saho-maschinen.de\/fr\/wp-json\/wp\/v2\/media\/12223"}],"wp:attachment":[{"href":"https:\/\/saho-maschinen.de\/fr\/wp-json\/wp\/v2\/media?parent=12227"}],"wp:term":[{"taxonomy":"product_cat","embeddable":true,"href":"https:\/\/saho-maschinen.de\/fr\/wp-json\/wp\/v2\/product_cat?post=12227"},{"taxonomy":"product_tag","embeddable":true,"href":"https:\/\/saho-maschinen.de\/fr\/wp-json\/wp\/v2\/product_tag?post=12227"}],"curies":[{"name":"wp","href":"https:\/\/api.w.org\/{rel}","templated":true}]}}