{"id":12100,"date":"2023-03-03T12:55:37","date_gmt":"2023-03-03T12:55:37","guid":{"rendered":"https:\/\/saho-maschinen.de\/?post_type=product&#038;p=12100"},"modified":"2023-03-16T14:55:38","modified_gmt":"2023-03-16T14:55:38","slug":"mazak-nexus-510c","status":"publish","type":"product","link":"https:\/\/saho-maschinen.de\/fr\/verkauf\/mazak-nexus-510c\/","title":{"rendered":"Mazak Nexus 510C"},"content":{"rendered":"<p><strong>Type de machine :<\/strong><br \/>\n- MAZAK Nexus 510C<br \/>\n- Ann\u00e9e de construction 2004<\/p>\n<p><strong>Course de d\u00e9placement<\/strong><br \/>\n- X- 1050mm, Y-510mm, Z-510mm<\/p>\n<p><strong>Contr\u00f4le :<\/strong><br \/>\n- Mazatrol PC FUSION CNC 640M Nexus Programmation conversationnelle Graphiques en couleur<br \/>\n- Volant \u00e9lectronique<\/p>\n<p><strong>Broche de travail :<\/strong><br \/>\n- Porte-outils SK40<br \/>\n- Plage de vitesse de rotation max. 12000 tr\/min.<br \/>\n- Refroidissement par la broche 5 bar<\/p>\n<p><strong>Magasin d'outils :<\/strong><br \/>\n- Changeur d'outils 30 emplacements de magasin<\/p>\n<p><strong>Mod\u00e8le de table :<\/strong><br \/>\n- Surface de serrage 1300 x 550mm.<br \/>\n- charge de table max. 1200kg<\/p>\n<p><strong>Options suppl\u00e9mentaires :<\/strong><br \/>\n- Convoyeur \u00e0 copeaux<br \/>\n- IKZ 15 bar\/ r\u00e9servoir de 250ltr.<br \/>\n- Contr\u00f4le de bris d'outil<br \/>\n- Dispositif de mesure de la longueur des outils<br \/>\n- Documentation<br \/>\n- 30 outils<br \/>\n- Syst\u00e8me de serrage au point z\u00e9ro (voir espace int\u00e9rieur)<\/p>","protected":false},"excerpt":{"rendered":"<p>La Mazak Nexus 510C est une fraiseuse CNC puissante qui offre une pr\u00e9cision et une vitesse \u00e9lev\u00e9es. Elle convient \u00e0 l'usinage d'une grande vari\u00e9t\u00e9 de mat\u00e9riaux et offre une grande flexibilit\u00e9 et fiabilit\u00e9 de production.<\/p>","protected":false},"featured_media":12101,"comment_status":"open","ping_status":"closed","template":"","meta":{"om_disable_all_campaigns":false},"product_cat":[97],"product_tag":[],"aioseo_notices":[],"jetpack_sharing_enabled":true,"_links":{"self":[{"href":"https:\/\/saho-maschinen.de\/fr\/wp-json\/wp\/v2\/product\/12100"}],"collection":[{"href":"https:\/\/saho-maschinen.de\/fr\/wp-json\/wp\/v2\/product"}],"about":[{"href":"https:\/\/saho-maschinen.de\/fr\/wp-json\/wp\/v2\/types\/product"}],"replies":[{"embeddable":true,"href":"https:\/\/saho-maschinen.de\/fr\/wp-json\/wp\/v2\/comments?post=12100"}],"wp:featuredmedia":[{"embeddable":true,"href":"https:\/\/saho-maschinen.de\/fr\/wp-json\/wp\/v2\/media\/12101"}],"wp:attachment":[{"href":"https:\/\/saho-maschinen.de\/fr\/wp-json\/wp\/v2\/media?parent=12100"}],"wp:term":[{"taxonomy":"product_cat","embeddable":true,"href":"https:\/\/saho-maschinen.de\/fr\/wp-json\/wp\/v2\/product_cat?post=12100"},{"taxonomy":"product_tag","embeddable":true,"href":"https:\/\/saho-maschinen.de\/fr\/wp-json\/wp\/v2\/product_tag?post=12100"}],"curies":[{"name":"wp","href":"https:\/\/api.w.org\/{rel}","templated":true}]}}