{"id":11118,"date":"2023-02-22T09:31:40","date_gmt":"2023-02-22T09:31:40","guid":{"rendered":"https:\/\/saho-maschinen.de\/?page_id=11118"},"modified":"2024-04-01T21:20:27","modified_gmt":"2024-04-01T21:20:27","slug":"impressum","status":"publish","type":"page","link":"https:\/\/saho-maschinen.de\/fr\/impressum\/","title":{"rendered":"Mentions l\u00e9gales"},"content":{"rendered":"<div data-elementor-type=\"wp-page\" data-elementor-id=\"11118\" class=\"elementor elementor-11118\" data-elementor-post-type=\"page\">\n\t\t\t\t\t\t<section data-particle_enable=\"false\" data-particle-mobile-disabled=\"false\" class=\"elementor-section elementor-top-section elementor-element elementor-element-5bb1988 elementor-section-boxed elementor-section-height-default elementor-section-height-default\" data-id=\"5bb1988\" data-element_type=\"section\">\n\t\t\t\t\t\t<div class=\"elementor-container elementor-column-gap-default\">\n\t\t\t\t\t<div class=\"elementor-column elementor-col-100 elementor-top-column elementor-element elementor-element-78a052c top column-style-top\" data-id=\"78a052c\" data-element_type=\"column\">\n\t\t\t<div class=\"elementor-widget-wrap elementor-element-populated\">\n\t\t\t\t\t\t<div class=\"elementor-element elementor-element-0d8eabf elementor-widget elementor-widget-html\" data-id=\"0d8eabf\" data-element_type=\"widget\" data-widget_type=\"html.default\">\n\t\t\t\t<div class=\"elementor-widget-container\">\n\t\t\t<h1>Mentions l\u00e9gales<\/h1>\r\n\r\n<h2>Informations selon \u00a7 5 TMG<\/h2>\r\n<p>Sascha Hof<br \/>\r\nAchat\/vente de tours et fraiseuses CNC<br \/>\r\n14, chemin des Pr\u00e9s<br \/>\r\n86759 Holzkirchen<\/p>\r\n\r\n<h2>Contact<\/h2>\r\n<p>T\u00e9l\u00e9phone : 09085 26897-0<br \/>\r\nCourrier \u00e9lectronique : kontakt@saho-maschinen.de<\/p>\r\n\r\n<h2>Num\u00e9ro d'identification de la taxe sur le chiffre d'affaires<\/h2>\r\n<p>Num\u00e9ro d'identification de la taxe sur le chiffre d'affaires conform\u00e9ment au \u00a7 27 a de la loi sur la taxe sur le chiffre d'affaires :<br \/>\r\nDE244695609<\/p>\r\n\r\n<h2>Responsable de la r\u00e9daction<\/h2>\r\n<p>Flat-Consulting <br \/>\r\n10, rue Longue<br \/>\r\n86152 Augsbourg<\/p>\r\n\r\n<h2>R\u00e8glement des litiges de l'UE<\/h2>\r\n<p>La Commission europ\u00e9enne met \u00e0 disposition une plateforme de r\u00e8glement en ligne des litiges (RLL) : <a href=\"https:\/\/ec.europa.eu\/consumers\/odr\/\" target=\"_blank\" rel=\"noopener noreferrer\">https:\/\/ec.europa.eu\/consumers\/odr\/<\/a>.<br \/> Vous trouverez notre adresse e-mail en haut dans les mentions l\u00e9gales.<\/p>\r\n\r\n<h2>R\u00e8glement des litiges de consommation\/organisme de conciliation universel<\/h2>\r\n<p>Nous participons \u00e0 une proc\u00e9dure de r\u00e8glement des litiges devant un organisme de conciliation des consommateurs. L'organisme comp\u00e9tent est l'organisme de conciliation universel du \"Zentrum f\u00fcr Schlichtung e.V.\", Strasburger Stra\u00dfe 8, 77694 Kehl am Rhein (<a href=\"https:\/\/www.verbraucher-schlichter.de\" rel=\"noopener noreferrer\" target=\"_blank\">https:\/\/www.verbraucher-schlichter.de<\/a>).<\/p>\t\t<\/div>\n\t\t\t\t<\/div>\n\t\t\t\t\t<\/div>\n\t\t<\/div>\n\t\t\t\t\t<\/div>\n\t\t<\/section>\n\t\t\t\t<\/div>","protected":false},"excerpt":{"rendered":"<p>Mentions l\u00e9gales Informations selon \u00a7 5 TMG Sascha Hof CNC Dreh &amp; Fr\u00e4smaschinen An-\/Verkauf Wiesenweg 14 86759 Holzkirchen Contact T\u00e9l\u00e9phone : 09085 26897-0 E-mail : kontakt@saho-maschinen.de Num\u00e9ro de TVA intracommunautaire selon \u00a7 27 a de la loi sur la TVA : DE244695609 Responsable de la r\u00e9daction Flat-Consulting Lange Gasse 10 86152 Augsburg R\u00e8glement des litiges UE La Commission europ\u00e9enne met \u00e0 disposition une plateforme pour le r\u00e8glement en ligne des litiges (OS) : https:\/\/ec.europa.eu\/consumers\/odr\/. Vous trouverez notre adresse \u00e9lectronique [...].<\/p>","protected":false},"author":1,"featured_media":0,"parent":0,"menu_order":0,"comment_status":"closed","ping_status":"closed","template":"","meta":{"om_disable_all_campaigns":false,"footnotes":""},"aioseo_notices":[],"jetpack_sharing_enabled":true,"_links":{"self":[{"href":"https:\/\/saho-maschinen.de\/fr\/wp-json\/wp\/v2\/pages\/11118"}],"collection":[{"href":"https:\/\/saho-maschinen.de\/fr\/wp-json\/wp\/v2\/pages"}],"about":[{"href":"https:\/\/saho-maschinen.de\/fr\/wp-json\/wp\/v2\/types\/page"}],"author":[{"embeddable":true,"href":"https:\/\/saho-maschinen.de\/fr\/wp-json\/wp\/v2\/users\/1"}],"replies":[{"embeddable":true,"href":"https:\/\/saho-maschinen.de\/fr\/wp-json\/wp\/v2\/comments?post=11118"}],"version-history":[{"count":12,"href":"https:\/\/saho-maschinen.de\/fr\/wp-json\/wp\/v2\/pages\/11118\/revisions"}],"predecessor-version":[{"id":12638,"href":"https:\/\/saho-maschinen.de\/fr\/wp-json\/wp\/v2\/pages\/11118\/revisions\/12638"}],"wp:attachment":[{"href":"https:\/\/saho-maschinen.de\/fr\/wp-json\/wp\/v2\/media?parent=11118"}],"curies":[{"name":"wp","href":"https:\/\/api.w.org\/{rel}","templated":true}]}}