{"id":12662,"date":"2024-08-06T19:52:18","date_gmt":"2024-08-06T19:52:18","guid":{"rendered":"https:\/\/saho-maschinen.de\/?post_type=product&#038;p=12662"},"modified":"2025-05-19T19:54:19","modified_gmt":"2025-05-19T19:54:19","slug":"deckel-maho-dmc-835v","status":"publish","type":"product","link":"https:\/\/saho-maschinen.de\/en\/verkauf\/deckel-maho-dmc-835v\/","title":{"rendered":"LID MAHO DMC 835V"},"content":{"rendered":"<p><strong>Machine type:<\/strong><br \/>\n- Cover Maho DMC 835V<br \/>\n- Year of construction 2008<br \/>\n- Travel X-835mm, Y- 510mm, Z-510mm<\/p>\n<p><strong>Control:<\/strong><br \/>\n- Heidenhain iTNC 530 control system<br \/>\n- Electronic handwheel<br \/>\n- 3D touch probe infrared Heidenhain<\/p>\n<p><strong>Work spindle:<\/strong><br \/>\n- Tool holder SK40<br \/>\n- Speed range max. 14000 rpm.<\/p>\n<p><strong>Tool magazine:<\/strong><br \/>\n- Tool changer 30 magazine positions<\/p>\n<p><strong>Table design:<\/strong><br \/>\n- Rigid angle table<br \/>\n- Clamping surface 790 x 560mm<\/p>\n<p><strong>Additional options:<\/strong><br \/>\n- Chip conveyor<br \/>\n- IKZ 20 Bar<br \/>\n- Flushing gun for chip flushing<br \/>\n- Laser tool measurement<br \/>\n- Documentation<\/p>\n<p>Incl. various SK40 tool holders (see picture)<\/p>\n<p><strong>Delivery time:<\/strong><br \/>\n- Immediately or by arrangement<\/p>","protected":false},"excerpt":{"rendered":"<p>Maschinentyp: &#8211; Deckel Maho DMC 835V &#8211; Baujahr 2008 &#8211; Verfahrwege X-835mm, Y- 510mm, Z-510mm Steuerung: &#8211; Steuerung Heidenhain iTNC 530 &#8211; Elektronisches Handrad &#8211; 3D Messtaster Infrarot Heidenhain Arbeitsspindel: &#8211; Werkzeuhaufnahme SK40 &#8211; Drehzahlbereich max. 14000U\/min. Werkzeugmagazin: &#8211; Werkzeugwechsler 30 Magazinpl\u00e4tze Tischausf\u00fchrung: &#8211; Starrer Winkeltisch &#8211; Aufspannfl\u00e4che 790 x 560mm Zusatzoptionen: &#8211; Sp\u00e4nef\u00f6rderer &#8211; [&hellip;]<\/p>","protected":false},"featured_media":12665,"comment_status":"open","ping_status":"closed","template":"","meta":{"om_disable_all_campaigns":false},"product_cat":[16],"product_tag":[],"aioseo_notices":[],"jetpack_sharing_enabled":true,"_links":{"self":[{"href":"https:\/\/saho-maschinen.de\/en\/wp-json\/wp\/v2\/product\/12662"}],"collection":[{"href":"https:\/\/saho-maschinen.de\/en\/wp-json\/wp\/v2\/product"}],"about":[{"href":"https:\/\/saho-maschinen.de\/en\/wp-json\/wp\/v2\/types\/product"}],"replies":[{"embeddable":true,"href":"https:\/\/saho-maschinen.de\/en\/wp-json\/wp\/v2\/comments?post=12662"}],"wp:featuredmedia":[{"embeddable":true,"href":"https:\/\/saho-maschinen.de\/en\/wp-json\/wp\/v2\/media\/12665"}],"wp:attachment":[{"href":"https:\/\/saho-maschinen.de\/en\/wp-json\/wp\/v2\/media?parent=12662"}],"wp:term":[{"taxonomy":"product_cat","embeddable":true,"href":"https:\/\/saho-maschinen.de\/en\/wp-json\/wp\/v2\/product_cat?post=12662"},{"taxonomy":"product_tag","embeddable":true,"href":"https:\/\/saho-maschinen.de\/en\/wp-json\/wp\/v2\/product_tag?post=12662"}],"curies":[{"name":"wp","href":"https:\/\/api.w.org\/{rel}","templated":true}]}}