{"id":912,"date":"2023-03-03T09:32:45","date_gmt":"2023-03-03T09:32:45","guid":{"rendered":"https:\/\/www.gavias-theme.com\/wp\/indutri\/?post_type=product&#038;p=912"},"modified":"2025-05-19T19:20:22","modified_gmt":"2025-05-19T19:20:22","slug":"doosan-mynx-nm-510","status":"publish","type":"product","link":"https:\/\/saho-maschinen.de\/cs\/verkauf\/doosan-mynx-nm-510\/","title":{"rendered":"DOOSAN Mynx NM 510"},"content":{"rendered":"<p><strong>Typ stroje<\/strong><br \/>\nDoosan Minx NM 510<br \/>\nRok v\u00fdroby 2007<br \/>\n\u0158\u00edzen\u00ed Fanuc \u0159ady Oi-MC\u00a0<strong>Manu\u00e1ln\u00ed pr\u016fvodce i<\/strong>\u00a0(elektrick\u00e9 ru\u010dn\u00ed kolo)<br \/>\nCestov\u00e1n\u00ed X-1020 mm , Y-510 mm , Z-625 mm<\/p>\n<p><strong>Pracovn\u00ed v\u0159eteno:<\/strong><br \/>\nOt\u00e1\u010dky v\u0159etena max. 8000 ot\/min.<br \/>\nDr\u017e\u00e1k n\u00e1stroj\u016f SK40<\/p>\n<p><strong>\u010casopis Tool:<\/strong><br \/>\nPo\u010det m\u00edst pro n\u00e1stroje 24<\/p>\n<p><strong>P\u0159\u00edslu\u0161enstv\u00ed:<\/strong><br \/>\nVnit\u0159n\u00ed p\u0159\u00edvod chladic\u00ed kapaliny<br \/>\nDopravn\u00edk t\u0159\u00edsek<br \/>\nDokumentace, strojn\u00ed doklady<\/p>","protected":false},"excerpt":{"rendered":"<p>DOOSAN Mynx NM 510 je vysoce p\u0159esn\u00e1 a v\u00fdkonn\u00e1 CNC fr\u00e9zka, kter\u00e1 je ide\u00e1ln\u00ed pro \u0161irokou \u0161k\u00e1lu aplikac\u00ed. D\u00edky velk\u00e9mu pracovn\u00edmu rozsahu, v\u00fdkonn\u00e9mu v\u0159etenov\u00e9mu motoru a pokro\u010dil\u00fdm mo\u017enostem \u0159\u00edzen\u00ed nab\u00edz\u00ed tento stroj maxim\u00e1ln\u00ed p\u0159esnost a efektivitu.<\/p>","protected":false},"featured_media":12128,"comment_status":"open","ping_status":"closed","template":"","meta":{"om_disable_all_campaigns":false},"product_cat":[97],"product_tag":[],"aioseo_notices":[],"jetpack_sharing_enabled":true,"_links":{"self":[{"href":"https:\/\/saho-maschinen.de\/cs\/wp-json\/wp\/v2\/product\/912"}],"collection":[{"href":"https:\/\/saho-maschinen.de\/cs\/wp-json\/wp\/v2\/product"}],"about":[{"href":"https:\/\/saho-maschinen.de\/cs\/wp-json\/wp\/v2\/types\/product"}],"replies":[{"embeddable":true,"href":"https:\/\/saho-maschinen.de\/cs\/wp-json\/wp\/v2\/comments?post=912"}],"wp:featuredmedia":[{"embeddable":true,"href":"https:\/\/saho-maschinen.de\/cs\/wp-json\/wp\/v2\/media\/12128"}],"wp:attachment":[{"href":"https:\/\/saho-maschinen.de\/cs\/wp-json\/wp\/v2\/media?parent=912"}],"wp:term":[{"taxonomy":"product_cat","embeddable":true,"href":"https:\/\/saho-maschinen.de\/cs\/wp-json\/wp\/v2\/product_cat?post=912"},{"taxonomy":"product_tag","embeddable":true,"href":"https:\/\/saho-maschinen.de\/cs\/wp-json\/wp\/v2\/product_tag?post=912"}],"curies":[{"name":"wp","href":"https:\/\/api.w.org\/{rel}","templated":true}]}}