{"id":717,"date":"2023-03-03T02:39:51","date_gmt":"2023-03-03T02:39:51","guid":{"rendered":"https:\/\/www.gavias-theme.com\/wp\/indutri\/?post_type=product&#038;p=717"},"modified":"2025-05-19T20:49:00","modified_gmt":"2025-05-19T20:49:00","slug":"deckel-maho-dmu-50-evo-linear","status":"publish","type":"product","link":"https:\/\/saho-maschinen.de\/cs\/verkauf\/deckel-maho-dmu-50-evo-linear\/","title":{"rendered":"Obal Maho DMU 50 eVo Linear"},"content":{"rendered":"<p><strong>Technick\u00e9 \u00fadaje:<\/strong><\/p>\n<p><strong>Typ stroje:<\/strong><br \/>\n- DMU 50 eVo Line\u00e1rn\u00ed p\u011btios\u00e9 obr\u00e1b\u011bn\u00ed SIMULTAN<br \/>\n- Rok v\u00fdstavby 2011 (uveden\u00ed do provozu 2012)<br \/>\n- Cestov\u00e1n\u00ed X-500 mm, Y-450 mm, Z-400 mm<\/p>\n<p><strong>Kontrola:<\/strong><br \/>\n- \u0158\u00edzen\u00ed Heidenhain iTNC 530 HCSI<br \/>\n- Elektronick\u00e9 ru\u010dn\u00ed kolo<br \/>\n- Infra\u010derven\u00e1 dotykov\u00e1 sonda Heidenhain TS649 DMG<\/p>\n<p><strong>Pracovn\u00ed v\u0159eteno:<\/strong><br \/>\n- Dr\u017e\u00e1k n\u00e1stroj\u016f SK40<br \/>\n- Rozsah ot\u00e1\u010dek max. 18000 ot\/min.<\/p>\n<p><strong>\u010casopis Tool:<\/strong><br \/>\n- Z\u00e1sobn\u00edk n\u00e1stroj\u016f 30 pozic<\/p>\n<p><strong>Konstrukce stolu:<\/strong><br \/>\nNC oto\u010dn\u00fd st\u016fl<br \/>\n- Osa B -5\u00b0 a\u017e +110<br \/>\n- Osa C 360<\/p>\n<p><strong>Dal\u0161\u00ed mo\u017enosti:<\/strong><br \/>\n- \u0160krabkov\u00fd p\u00e1sov\u00fd dopravn\u00edk t\u0159\u00edsek<br \/>\n- Pap\u00edrov\u00fd p\u00e1sov\u00fd filtr IKZ 40 bar\/ 600ltr. n\u00e1dr\u017e<br \/>\n- v\u010d. oto\u010dn\u00e9ho pr\u016fzoru, t\u011bsn\u00edc\u00edch vzduchov\u00fdch line\u00e1rn\u00edch m\u011b\u0159ic\u00edch syst\u00e9m\u016f, proplachov\u00e1n\u00ed l\u016f\u017eka<br \/>\n- Fouk\u00e1n\u00ed vzduchu p\u0159es st\u0159ed v\u0159etena<br \/>\n- Mechanick\u00fd odlu\u010dova\u010d oleje a emulzn\u00ed mlhy<br \/>\n- Vyplachovac\u00ed pistole na proplachov\u00e1n\u00ed t\u0159\u00edsek<br \/>\n- Provozn\u00ed re\u017eim 4<br \/>\n- Laserov\u00e9 m\u011b\u0159en\u00ed n\u00e1stroj\u016f<br \/>\n- Syst\u00e9m p\u0159\u00edm\u00e9ho m\u011b\u0159en\u00ed<br \/>\n- P\u0159\u00edprava na 3D sady n\u00e1stroj\u016f Quickset<br \/>\n- Dokumentace<\/p>","protected":false},"excerpt":{"rendered":"<p>Deckel Maho DMU 50 eVo Linear je v\u00fdkonn\u00fd p\u011btios\u00fd fr\u00e9zovac\u00ed stroj s vysokou p\u0159esnost\u00ed a flexibilitou. Je vhodn\u00fd pro komplexn\u00ed sou\u010d\u00e1sti v kusov\u00e9 i s\u00e9riov\u00e9 v\u00fdrob\u011b a m\u00e1 funkci automatick\u00e9 v\u00fdm\u011bny n\u00e1stroj\u016f.<\/p>","protected":false},"featured_media":12112,"comment_status":"open","ping_status":"closed","template":"","meta":{"om_disable_all_campaigns":false},"product_cat":[97],"product_tag":[],"aioseo_notices":[],"jetpack_sharing_enabled":true,"_links":{"self":[{"href":"https:\/\/saho-maschinen.de\/cs\/wp-json\/wp\/v2\/product\/717"}],"collection":[{"href":"https:\/\/saho-maschinen.de\/cs\/wp-json\/wp\/v2\/product"}],"about":[{"href":"https:\/\/saho-maschinen.de\/cs\/wp-json\/wp\/v2\/types\/product"}],"replies":[{"embeddable":true,"href":"https:\/\/saho-maschinen.de\/cs\/wp-json\/wp\/v2\/comments?post=717"}],"wp:featuredmedia":[{"embeddable":true,"href":"https:\/\/saho-maschinen.de\/cs\/wp-json\/wp\/v2\/media\/12112"}],"wp:attachment":[{"href":"https:\/\/saho-maschinen.de\/cs\/wp-json\/wp\/v2\/media?parent=717"}],"wp:term":[{"taxonomy":"product_cat","embeddable":true,"href":"https:\/\/saho-maschinen.de\/cs\/wp-json\/wp\/v2\/product_cat?post=717"},{"taxonomy":"product_tag","embeddable":true,"href":"https:\/\/saho-maschinen.de\/cs\/wp-json\/wp\/v2\/product_tag?post=717"}],"curies":[{"name":"wp","href":"https:\/\/api.w.org\/{rel}","templated":true}]}}