{"id":715,"date":"2023-03-03T02:36:20","date_gmt":"2023-03-03T02:36:20","guid":{"rendered":"https:\/\/www.gavias-theme.com\/wp\/indutri\/?post_type=product&#038;p=715"},"modified":"2025-05-20T07:17:13","modified_gmt":"2025-05-20T07:17:13","slug":"hermle-u-630-t","status":"publish","type":"product","link":"https:\/\/saho-maschinen.de\/cs\/verkauf\/hermle-u-630-t\/","title":{"rendered":"Hermle U 630 T"},"content":{"rendered":"<p><strong>Typ stroje:<\/strong><br \/>\n- Hermle U630T<br \/>\n- Rok v\u00fdroby 1997<\/p>\n<p><strong>Kontrola:<\/strong><br \/>\n- Heidenhain TNC 410<br \/>\n- Elektronick\u00e9 ru\u010dn\u00ed kolo<\/p>\n<p><strong>Pracovn\u00ed v\u0159eteno:<\/strong><br \/>\n- Dr\u017e\u00e1k n\u00e1stroj\u016f SK 40<br \/>\n- Rozsah ot\u00e1\u010dek max. 7000 ot\/min.<br \/>\n- Zdvih pera 75 mm<\/p>\n<p><strong>V\u00fdm\u011bn\u00edk n\u00e1stroj\u016f:<\/strong><br \/>\n- 16 m\u00edst pro \u010dasopisy<\/p>\n<p><strong>Pracovn\u00ed prostor:<\/strong><br \/>\n- X- 630 mm ( 875 mm)<br \/>\n- Y- 500 mm<br \/>\n- Z- 500 mm<\/p>\n<p><strong>Konstrukce stolu:<\/strong><br \/>\n- Up\u00ednac\u00ed plocha 900x528mm<br \/>\n- Zat\u00ed\u017een\u00ed stolu max. 400 kg<\/p>\n<p><strong>Dal\u0161\u00ed mo\u017enosti:<\/strong><br \/>\n- Chladic\u00ed jednotka 120 l.<\/p>","protected":false},"excerpt":{"rendered":"<p>Hermle U 630 T je vysoce p\u0159esn\u00e1 univerz\u00e1ln\u00ed fr\u00e9zka s oto\u010dn\u00fdm stolem a oto\u010dnou hlavou. Je vhodn\u00e1 pro obr\u00e1b\u011bn\u00ed slo\u017eit\u00fdch obrobk\u016f z r\u016fzn\u00fdch materi\u00e1l\u016f, jako jsou kovy, plasty a d\u0159evo. Stroj je vybaven modern\u00edm \u0159\u00eddic\u00edm syst\u00e9mem a nab\u00edz\u00ed vysokou flexibilitu i efektivitu.<\/p>","protected":false},"featured_media":12095,"comment_status":"open","ping_status":"closed","template":"","meta":{"om_disable_all_campaigns":false},"product_cat":[97],"product_tag":[],"aioseo_notices":[],"jetpack_sharing_enabled":true,"_links":{"self":[{"href":"https:\/\/saho-maschinen.de\/cs\/wp-json\/wp\/v2\/product\/715"}],"collection":[{"href":"https:\/\/saho-maschinen.de\/cs\/wp-json\/wp\/v2\/product"}],"about":[{"href":"https:\/\/saho-maschinen.de\/cs\/wp-json\/wp\/v2\/types\/product"}],"replies":[{"embeddable":true,"href":"https:\/\/saho-maschinen.de\/cs\/wp-json\/wp\/v2\/comments?post=715"}],"wp:featuredmedia":[{"embeddable":true,"href":"https:\/\/saho-maschinen.de\/cs\/wp-json\/wp\/v2\/media\/12095"}],"wp:attachment":[{"href":"https:\/\/saho-maschinen.de\/cs\/wp-json\/wp\/v2\/media?parent=715"}],"wp:term":[{"taxonomy":"product_cat","embeddable":true,"href":"https:\/\/saho-maschinen.de\/cs\/wp-json\/wp\/v2\/product_cat?post=715"},{"taxonomy":"product_tag","embeddable":true,"href":"https:\/\/saho-maschinen.de\/cs\/wp-json\/wp\/v2\/product_tag?post=715"}],"curies":[{"name":"wp","href":"https:\/\/api.w.org\/{rel}","templated":true}]}}