{"id":708,"date":"2023-03-03T02:22:52","date_gmt":"2023-03-03T02:22:52","guid":{"rendered":"https:\/\/www.gavias-theme.com\/wp\/indutri\/?product=toshiba-satellite-c55-c5241-15-6-inch-laptop"},"modified":"2025-05-19T20:46:27","modified_gmt":"2025-05-19T20:46:27","slug":"deckel-maho-dmu-65-monoblock","status":"publish","type":"product","link":"https:\/\/saho-maschinen.de\/cs\/verkauf\/deckel-maho-dmu-65-monoblock\/","title":{"rendered":"Kryt Maho DMU 65 monoBLOCK"},"content":{"rendered":"<p><strong>Typ stroje:<\/strong><br \/>\n- DMU 65 monoBLOCK 5os\u00e9 SIMULT\u00c1NN\u00cd obr\u00e1b\u011bn\u00ed<br \/>\n- V\u00fdrobn\u00ed bal\u00ed\u010dek<br \/>\n- Rok v\u00fdroby 2012<br \/>\n- Zdvih X-730 mm, Y-650 mm, Z-560 mm<\/p>\n<p><strong>Kontrola:<\/strong><br \/>\n- \u0158\u00edzen\u00ed 3-D Heidenhain iTNC 530<br \/>\n- Provozn\u00ed re\u017eim 4<\/p>\n<p><strong>Pracovn\u00ed v\u0159eteno:<\/strong><br \/>\n- Dr\u017e\u00e1k n\u00e1stroj\u016f SK40<br \/>\n- Rozsah ot\u00e1\u010dek max. 18000 ot\/min.<br \/>\n- Fouk\u00e1n\u00ed vzduchu St\u0159ed v\u0159etena<br \/>\n- Chlazen\u00ed v\u0159etena<\/p>\n<p><strong>\u010casopis Tool:<\/strong><br \/>\n- Z\u00e1sobn\u00edk n\u00e1stroj\u016f 90 pozic<\/p>\n<p><strong>Pracovn\u00ed st\u016fl:<\/strong><br \/>\n- NC oto\u010dn\u00fd oto\u010dn\u00fd st\u016fl osa A +-120\u00b0, osa C 360\u00b0,<br \/>\nhydr. up\u00edn\u00e1n\u00ed pro oto\u010dn\u00fd st\u016fl<\/p>\n<p><strong>Automatizace\/m\u011b\u0159en\u00ed\/<wbr \/>Monitor:<\/strong><br \/>\n- Infra\u010derven\u00e1 sonda (Heidenhain TS 649 DMG)<br \/>\n- 3D quikSET<br \/>\n- M\u011b\u0159en\u00ed n\u00e1stroj\u016f v pracovn\u00ed oblasti (Fabr. Blum Laser)<br \/>\n- Air Clear<br \/>\n- \u010cty\u0159barevn\u00e1 sign\u00e1ln\u00ed sv\u00edtilna<\/p>\n<p><strong>Likvidace chladic\u00edch m\u00e9di\u00ed\/\u010dip\u016f:<\/strong><br \/>\n- Dopravn\u00edk t\u0159\u00edsek<br \/>\n- P\u0159\u00edvod vnit\u0159n\u00edho chladic\u00edho maziva (IKZ)<br \/>\n- Pap\u00edrov\u00fd p\u00e1sov\u00fd filtr 40bar \/ n\u00e1dr\u017e 600l.<br \/>\n- T\u011bsnic\u00ed vzduchov\u00e9 line\u00e1rn\u00ed m\u011b\u0159ic\u00ed syst\u00e9my, proplachov\u00e1n\u00ed l\u016f\u017eka<br \/>\n- Vyplachovac\u00ed pistole na proplachov\u00e1n\u00ed t\u0159\u00edsek<br \/>\n- Odlu\u010dova\u010d oleje a emulzn\u00ed mlhy<\/p>","protected":false},"excerpt":{"rendered":"<p>Deckel Maho DMU 65 monoBLOCK je vysoce p\u0159esn\u00e1 p\u011btios\u00e1 fr\u00e9zka se stabiln\u00edm r\u00e1mem odoln\u00fdm proti zkroucen\u00ed. Nab\u00edz\u00ed vysokou dynamiku a p\u0159esnost p\u0159i obr\u00e1b\u011bn\u00ed slo\u017eit\u00fdch obrobk\u016f.<\/p>","protected":false},"featured_media":12120,"comment_status":"open","ping_status":"closed","template":"","meta":{"om_disable_all_campaigns":false},"product_cat":[97],"product_tag":[],"aioseo_notices":[],"jetpack_sharing_enabled":true,"_links":{"self":[{"href":"https:\/\/saho-maschinen.de\/cs\/wp-json\/wp\/v2\/product\/708"}],"collection":[{"href":"https:\/\/saho-maschinen.de\/cs\/wp-json\/wp\/v2\/product"}],"about":[{"href":"https:\/\/saho-maschinen.de\/cs\/wp-json\/wp\/v2\/types\/product"}],"replies":[{"embeddable":true,"href":"https:\/\/saho-maschinen.de\/cs\/wp-json\/wp\/v2\/comments?post=708"}],"wp:featuredmedia":[{"embeddable":true,"href":"https:\/\/saho-maschinen.de\/cs\/wp-json\/wp\/v2\/media\/12120"}],"wp:attachment":[{"href":"https:\/\/saho-maschinen.de\/cs\/wp-json\/wp\/v2\/media?parent=708"}],"wp:term":[{"taxonomy":"product_cat","embeddable":true,"href":"https:\/\/saho-maschinen.de\/cs\/wp-json\/wp\/v2\/product_cat?post=708"},{"taxonomy":"product_tag","embeddable":true,"href":"https:\/\/saho-maschinen.de\/cs\/wp-json\/wp\/v2\/product_tag?post=708"}],"curies":[{"name":"wp","href":"https:\/\/api.w.org\/{rel}","templated":true}]}}