{"id":12667,"date":"2024-08-06T19:54:48","date_gmt":"2024-08-06T19:54:48","guid":{"rendered":"https:\/\/saho-maschinen.de\/?post_type=product&#038;p=12667"},"modified":"2025-05-19T05:12:13","modified_gmt":"2025-05-19T05:12:13","slug":"hurco-vmx-50","status":"publish","type":"product","link":"https:\/\/saho-maschinen.de\/cs\/verkauf\/hurco-vmx-50\/","title":{"rendered":"HURCO VMX 50"},"content":{"rendered":"<p>Hurco VMX 50<br \/>\nRok v\u00fdstavby 2001<\/p>\n<p><strong>Kontrola:<\/strong><br \/>\n- Ultimax 4<\/p>\n<p><strong>Hlavn\u00ed v\u0159eteno:<\/strong><br \/>\n- Dr\u017e\u00e1k n\u00e1stroj\u016f SK40<br \/>\n- Ot\u00e1\u010dky v\u0159etena max. 8000 ot\/min.<\/p>\n<p><strong>Cestovn\u00ed vzd\u00e1lenosti:<\/strong><br \/>\n- X - 1270, Y - 660, Z - 610 mm.<\/p>\n<p>Tabulka:<br \/>\n- Zat\u00ed\u017een\u00ed stolu 1300 kg<br \/>\nDpbb9L<br \/>\n- Up\u00ednac\u00ed plocha 1500 x 660 mm<\/p>\n<p>V\u00fdm\u011bn\u00edk n\u00e1stroj\u016f:<br \/>\n- 24 m\u00edst pro \u010dasopisy<\/p>\n<p>Doba dod\u00e1n\u00ed:<br \/>\n- Okam\u017eit\u011b nebo po dohod\u011b<\/p>","protected":false},"excerpt":{"rendered":"<p>Hurco VMX 50 Rok 2001 \u0158\u00edzen\u00ed: - Ultimax 4 Hlavn\u00ed v\u0159eteno: - Dr\u017e\u00e1k n\u00e1stroj\u016f SK40 - Ot\u00e1\u010dky v\u0159etena max. 8000 ot. Dr\u00e1hy pojezdu: - X - 1270, Y - 660, Z - 610 mm. St\u016fl: - Zat\u00ed\u017een\u00ed stolu 1300kg Dpbb9L - Up\u00ednac\u00ed plocha 1500 x 660mm V\u00fdm\u011bna n\u00e1stroj\u016f: - 24 pozic z\u00e1sobn\u00edku Dodac\u00ed lh\u016fta: - Ihned nebo po dohod\u011b.<\/p>","protected":false},"featured_media":12669,"comment_status":"open","ping_status":"closed","template":"","meta":{"om_disable_all_campaigns":false},"product_cat":[16],"product_tag":[],"aioseo_notices":[],"jetpack_sharing_enabled":true,"_links":{"self":[{"href":"https:\/\/saho-maschinen.de\/cs\/wp-json\/wp\/v2\/product\/12667"}],"collection":[{"href":"https:\/\/saho-maschinen.de\/cs\/wp-json\/wp\/v2\/product"}],"about":[{"href":"https:\/\/saho-maschinen.de\/cs\/wp-json\/wp\/v2\/types\/product"}],"replies":[{"embeddable":true,"href":"https:\/\/saho-maschinen.de\/cs\/wp-json\/wp\/v2\/comments?post=12667"}],"wp:featuredmedia":[{"embeddable":true,"href":"https:\/\/saho-maschinen.de\/cs\/wp-json\/wp\/v2\/media\/12669"}],"wp:attachment":[{"href":"https:\/\/saho-maschinen.de\/cs\/wp-json\/wp\/v2\/media?parent=12667"}],"wp:term":[{"taxonomy":"product_cat","embeddable":true,"href":"https:\/\/saho-maschinen.de\/cs\/wp-json\/wp\/v2\/product_cat?post=12667"},{"taxonomy":"product_tag","embeddable":true,"href":"https:\/\/saho-maschinen.de\/cs\/wp-json\/wp\/v2\/product_tag?post=12667"}],"curies":[{"name":"wp","href":"https:\/\/api.w.org\/{rel}","templated":true}]}}