{"id":12662,"date":"2024-08-06T19:52:18","date_gmt":"2024-08-06T19:52:18","guid":{"rendered":"https:\/\/saho-maschinen.de\/?post_type=product&#038;p=12662"},"modified":"2025-05-19T19:54:19","modified_gmt":"2025-05-19T19:54:19","slug":"deckel-maho-dmc-835v","status":"publish","type":"product","link":"https:\/\/saho-maschinen.de\/cs\/verkauf\/deckel-maho-dmc-835v\/","title":{"rendered":"V\u00cdKO MAHO DMC 835V"},"content":{"rendered":"<p><strong>Typ stroje:<\/strong><br \/>\n- Obal Maho DMC 835V<br \/>\n- Rok v\u00fdstavby 2008<br \/>\n- Zdvih X-835 mm, Y- 510 mm, Z-510 mm<\/p>\n<p><strong>Kontrola:<\/strong><br \/>\n- \u0158\u00eddic\u00ed syst\u00e9m Heidenhain iTNC 530<br \/>\n- Elektronick\u00e9 ru\u010dn\u00ed kolo<br \/>\n- 3D dotykov\u00e1 infra\u010derven\u00e1 sonda Heidenhain<\/p>\n<p><strong>Pracovn\u00ed v\u0159eteno:<\/strong><br \/>\n- Dr\u017e\u00e1k n\u00e1stroj\u016f SK40<br \/>\n- Rozsah ot\u00e1\u010dek max. 14000 ot\/min.<\/p>\n<p><strong>\u010casopis Tool:<\/strong><br \/>\n- Z\u00e1sobn\u00edk n\u00e1stroj\u016f 30 pozic<\/p>\n<p><strong>Konstrukce stolu:<\/strong><br \/>\n- Pevn\u00fd \u00fahlov\u00fd st\u016fl<br \/>\n- Up\u00ednac\u00ed plocha 790 x 560 mm<\/p>\n<p><strong>Dal\u0161\u00ed mo\u017enosti:<\/strong><br \/>\n- Dopravn\u00edk t\u0159\u00edsek<br \/>\n- IKZ 20 Bar<br \/>\n- Vyplachovac\u00ed pistole na proplachov\u00e1n\u00ed t\u0159\u00edsek<br \/>\n- Laserov\u00e9 m\u011b\u0159en\u00ed n\u00e1stroj\u016f<br \/>\n- Dokumentace<\/p>\n<p>V\u010detn\u011b r\u016fzn\u00fdch dr\u017e\u00e1k\u016f n\u00e1stroj\u016f SK40 (viz obr\u00e1zek)<\/p>\n<p><strong>Doba dod\u00e1n\u00ed:<\/strong><br \/>\n- Okam\u017eit\u011b nebo po dohod\u011b<\/p>","protected":false},"excerpt":{"rendered":"<p>Maschinentyp: &#8211; Deckel Maho DMC 835V &#8211; Baujahr 2008 &#8211; Verfahrwege X-835mm, Y- 510mm, Z-510mm Steuerung: &#8211; Steuerung Heidenhain iTNC 530 &#8211; Elektronisches Handrad &#8211; 3D Messtaster Infrarot Heidenhain Arbeitsspindel: &#8211; Werkzeuhaufnahme SK40 &#8211; Drehzahlbereich max. 14000U\/min. Werkzeugmagazin: &#8211; Werkzeugwechsler 30 Magazinpl\u00e4tze Tischausf\u00fchrung: &#8211; Starrer Winkeltisch &#8211; Aufspannfl\u00e4che 790 x 560mm Zusatzoptionen: &#8211; Sp\u00e4nef\u00f6rderer &#8211; [&hellip;]<\/p>","protected":false},"featured_media":12665,"comment_status":"open","ping_status":"closed","template":"","meta":{"om_disable_all_campaigns":false},"product_cat":[16],"product_tag":[],"aioseo_notices":[],"jetpack_sharing_enabled":true,"_links":{"self":[{"href":"https:\/\/saho-maschinen.de\/cs\/wp-json\/wp\/v2\/product\/12662"}],"collection":[{"href":"https:\/\/saho-maschinen.de\/cs\/wp-json\/wp\/v2\/product"}],"about":[{"href":"https:\/\/saho-maschinen.de\/cs\/wp-json\/wp\/v2\/types\/product"}],"replies":[{"embeddable":true,"href":"https:\/\/saho-maschinen.de\/cs\/wp-json\/wp\/v2\/comments?post=12662"}],"wp:featuredmedia":[{"embeddable":true,"href":"https:\/\/saho-maschinen.de\/cs\/wp-json\/wp\/v2\/media\/12665"}],"wp:attachment":[{"href":"https:\/\/saho-maschinen.de\/cs\/wp-json\/wp\/v2\/media?parent=12662"}],"wp:term":[{"taxonomy":"product_cat","embeddable":true,"href":"https:\/\/saho-maschinen.de\/cs\/wp-json\/wp\/v2\/product_cat?post=12662"},{"taxonomy":"product_tag","embeddable":true,"href":"https:\/\/saho-maschinen.de\/cs\/wp-json\/wp\/v2\/product_tag?post=12662"}],"curies":[{"name":"wp","href":"https:\/\/api.w.org\/{rel}","templated":true}]}}