{"id":12657,"date":"2024-08-06T19:49:15","date_gmt":"2024-08-06T19:49:15","guid":{"rendered":"https:\/\/saho-maschinen.de\/?post_type=product&#038;p=12657"},"modified":"2025-05-19T23:46:42","modified_gmt":"2025-05-19T23:46:42","slug":"fehlmann-picomax-54","status":"publish","type":"product","link":"https:\/\/saho-maschinen.de\/cs\/verkauf\/fehlmann-picomax-54\/","title":{"rendered":"Fehlmann Picomax 54"},"content":{"rendered":"<div><strong>Typ stroje:<\/strong><\/div>\n<p>Fehlamnn Picomax 54<br \/>\nRok v\u00fdstavby 2003<\/p>\n<p><strong>Kontrola:<\/strong><br \/>\n- Heidenhain TNC 310<\/p>\n<p><strong>Hlavn\u00ed v\u0159eteno:<\/strong><br \/>\n- max. 9000 ot\u00e1\u010dek za minutu.<br \/>\n- Dr\u017e\u00e1k n\u00e1stroj\u016f SF32<\/p>\n<p><strong>Cestovn\u00ed vzd\u00e1lenosti:<\/strong><br \/>\n- X - 500, Y - 260, Z - 160, W - 490 mm.<\/p>\n<p><strong>Tabulka:<\/strong><br \/>\n- Up\u00ednac\u00ed plocha 880x320 mm.<br \/>\n- max. zat\u00ed\u017een\u00ed stolu 250 kg.<br \/>\n- Horizont\u00e1ln\u00ed projekce 300 mm<\/p>\n<p><strong>Doba dod\u00e1n\u00ed:<\/strong><br \/>\n- Okam\u017eit\u011b nebo po dohod\u011b<\/p>","protected":false},"excerpt":{"rendered":"<p>Typ stroje: Fehlamnn Picomax 54 Rok v\u00fdroby 2003 \u0158\u00edzen\u00ed: - Heidenhain TNC 310 Hlavn\u00ed v\u0159eteno: - max. 9000 ot. - Dr\u017e\u00e1k n\u00e1stroj\u016f SF32 Dr\u00e1hy posuvu: - X - 500, Y - 260, Z - 160, W - 490 mm. St\u016fl: - up\u00ednac\u00ed plocha 880x320mm. - Maxim\u00e1ln\u00ed zat\u00ed\u017een\u00ed stolu 250 kg. - Vodorovn\u00fd v\u00fdstupek 300mm Dodac\u00ed lh\u016fta: - ihned nebo po dohod\u011b.<\/p>","protected":false},"featured_media":12660,"comment_status":"open","ping_status":"closed","template":"","meta":{"om_disable_all_campaigns":false},"product_cat":[16],"product_tag":[],"aioseo_notices":[],"jetpack_sharing_enabled":true,"_links":{"self":[{"href":"https:\/\/saho-maschinen.de\/cs\/wp-json\/wp\/v2\/product\/12657"}],"collection":[{"href":"https:\/\/saho-maschinen.de\/cs\/wp-json\/wp\/v2\/product"}],"about":[{"href":"https:\/\/saho-maschinen.de\/cs\/wp-json\/wp\/v2\/types\/product"}],"replies":[{"embeddable":true,"href":"https:\/\/saho-maschinen.de\/cs\/wp-json\/wp\/v2\/comments?post=12657"}],"wp:featuredmedia":[{"embeddable":true,"href":"https:\/\/saho-maschinen.de\/cs\/wp-json\/wp\/v2\/media\/12660"}],"wp:attachment":[{"href":"https:\/\/saho-maschinen.de\/cs\/wp-json\/wp\/v2\/media?parent=12657"}],"wp:term":[{"taxonomy":"product_cat","embeddable":true,"href":"https:\/\/saho-maschinen.de\/cs\/wp-json\/wp\/v2\/product_cat?post=12657"},{"taxonomy":"product_tag","embeddable":true,"href":"https:\/\/saho-maschinen.de\/cs\/wp-json\/wp\/v2\/product_tag?post=12657"}],"curies":[{"name":"wp","href":"https:\/\/api.w.org\/{rel}","templated":true}]}}