{"id":12650,"date":"2024-08-06T19:43:12","date_gmt":"2024-08-06T19:43:12","guid":{"rendered":"https:\/\/saho-maschinen.de\/?post_type=product&#038;p=12650"},"modified":"2025-05-19T07:40:24","modified_gmt":"2025-05-19T07:40:24","slug":"wemas-vz-1000","status":"publish","type":"product","link":"https:\/\/saho-maschinen.de\/cs\/verkauf\/wemas-vz-1000\/","title":{"rendered":"Wemas VZ 1000"},"content":{"rendered":"<div>\n<div>\n<div>\n<div>\n<div><strong>Nab\u00eddka<\/strong><\/div>\n<\/div>\n<\/div>\n<\/div>\n<p><strong>WEMAS VZ 1000<\/strong><br \/>\n- \u0158\u00eddic\u00ed syst\u00e9m Heidenhain iTNC 530<br \/>\n- Rok v\u00fdroby 2004<br \/>\n- M\u011b\u0159en\u00ed n\u00e1stroje Oko n\u00e1stroje<br \/>\n- P\u0159\u00edvod chladic\u00ed kapaliny<br \/>\n- Z\u00e1sobn\u00edk na \u017eetony<\/p>\n<p><strong>Pracovn\u00ed oblast:<\/strong><br \/>\n- Cestov\u00e1n\u00ed X-1000 mm , Y-600 mm , Z-650 mm<\/p>\n<p><strong>Hlavn\u00ed v\u0159eteno:<\/strong><br \/>\n- Ot\u00e1\u010dky v\u0159etena max. 8000 ot\/min.<br \/>\n- Dr\u017e\u00e1k n\u00e1stroj\u016f SK 40<\/p>\n<p><strong>Tabulka:<\/strong><br \/>\n- Up\u00ednac\u00ed plocha 1300 x 600 mm<br \/>\n- Zat\u00ed\u017een\u00ed stolu 1200 kg<\/p>\n<p><strong>V\u00fdm\u011bn\u00edk n\u00e1stroj\u016f:<\/strong><br \/>\n- 20 m\u00edst pro \u010dasopisy<\/p>\n<\/div>\n<div><\/div>\n<div class=\"v1col v1beschreibung\"><strong>Doba dod\u00e1n\u00ed:<\/strong><br \/>\n- Okam\u017eit\u011b<\/div>","protected":false},"excerpt":{"rendered":"<p>Nab\u00eddka: WEMAS VZ 1000 - \u0158\u00edzen\u00ed Heidenhain iTNC 530 - Rok v\u00fdroby 2004 - M\u011b\u0159en\u00ed n\u00e1stroj\u016f N\u00e1strojov\u00e9 oko - P\u0159\u00edvod chladic\u00ed kapaliny - Z\u00e1sobn\u00edk t\u0159\u00edsek Pracovn\u00ed plocha: - Dr\u00e1hy pojezdu X-1000mm , Y-600mm , Z-650mm Hlavn\u00ed v\u0159eteno: - Ot\u00e1\u010dky v\u0159etena max. 8000 ot. - Dr\u017e\u00e1k n\u00e1stroj\u016f SK 40 St\u016fl: - Up\u00ednac\u00ed plocha 1300 x 600mm - Zat\u00ed\u017een\u00ed stolu 1200kg V\u00fdm\u011bn\u00edk n\u00e1stroj\u016f: - 20 pozic z\u00e1sobn\u00edku Dodac\u00ed lh\u016fta: - Ihned.<\/p>","protected":false},"featured_media":12651,"comment_status":"open","ping_status":"closed","template":"","meta":{"om_disable_all_campaigns":false},"product_cat":[97],"product_tag":[],"aioseo_notices":[],"jetpack_sharing_enabled":true,"_links":{"self":[{"href":"https:\/\/saho-maschinen.de\/cs\/wp-json\/wp\/v2\/product\/12650"}],"collection":[{"href":"https:\/\/saho-maschinen.de\/cs\/wp-json\/wp\/v2\/product"}],"about":[{"href":"https:\/\/saho-maschinen.de\/cs\/wp-json\/wp\/v2\/types\/product"}],"replies":[{"embeddable":true,"href":"https:\/\/saho-maschinen.de\/cs\/wp-json\/wp\/v2\/comments?post=12650"}],"wp:featuredmedia":[{"embeddable":true,"href":"https:\/\/saho-maschinen.de\/cs\/wp-json\/wp\/v2\/media\/12651"}],"wp:attachment":[{"href":"https:\/\/saho-maschinen.de\/cs\/wp-json\/wp\/v2\/media?parent=12650"}],"wp:term":[{"taxonomy":"product_cat","embeddable":true,"href":"https:\/\/saho-maschinen.de\/cs\/wp-json\/wp\/v2\/product_cat?post=12650"},{"taxonomy":"product_tag","embeddable":true,"href":"https:\/\/saho-maschinen.de\/cs\/wp-json\/wp\/v2\/product_tag?post=12650"}],"curies":[{"name":"wp","href":"https:\/\/api.w.org\/{rel}","templated":true}]}}