{"id":12227,"date":"2023-03-07T11:24:56","date_gmt":"2023-03-07T11:24:56","guid":{"rendered":"https:\/\/saho-maschinen.de\/?post_type=product&#038;p=12227"},"modified":"2025-09-18T06:11:07","modified_gmt":"2025-09-18T06:11:07","slug":"bridgeport-xr-760","status":"publish","type":"product","link":"https:\/\/saho-maschinen.de\/cs\/verkauf\/bridgeport-xr-760\/","title":{"rendered":"Bridgeport XR 760"},"content":{"rendered":"<p><strong>Typ stroje:<\/strong><br \/>\nBridgeport XR 760<br \/>\nRok v\u00fdroby 2015<br \/>\nOvl\u00e1d\u00e1n\u00ed Heidenhain iTNC 530 (elektrick\u00e9 ru\u010dn\u00ed kolo)<br \/>\nZdvih X-760 mm , Y-610 mm , Z-610 mm<br \/>\nChladic\u00ed kapalina IKZ 20 Bar<br \/>\nDopravn\u00edk t\u0159\u00edsek<\/p>\n<p><strong>Pracovn\u00ed v\u0159eteno:<\/strong><br \/>\nSyst\u00e9m BIG-PLUS<br \/>\nOt\u00e1\u010dky v\u0159etena max. 12000 ot\/min.<br \/>\nDr\u017e\u00e1k n\u00e1stroj\u016f SK40<\/p>\n<p><strong>\u010casopis Tool:<\/strong><br \/>\nPo\u010det m\u00edst pro n\u00e1stroje 30<br \/>\nDvojit\u00e9 rameno<\/p>\n<p><strong>St\u016fl stroje:<\/strong><br \/>\nD\u00e9lka x \u0161\u00ed\u0159ka 1000 x 600 mm<br \/>\nZat\u00ed\u017een\u00ed stolu 700 kg<\/p>","protected":false},"excerpt":{"rendered":"<p>Bridgeport XR 760 je vertik\u00e1ln\u00ed obr\u00e1b\u011bc\u00ed centrum s vysokou p\u0159esnost\u00ed a v\u00fdkonem. M\u00e1 robustn\u00ed konstrukci a rychlou v\u00fdm\u011bnu n\u00e1stroj\u016f, kter\u00e1 umo\u017e\u0148uje efektivn\u00ed obr\u00e1b\u011bn\u00ed obrobk\u016f.<\/p>","protected":false},"featured_media":12223,"comment_status":"open","ping_status":"closed","template":"","meta":{"om_disable_all_campaigns":false},"product_cat":[97],"product_tag":[],"aioseo_notices":[],"jetpack_sharing_enabled":true,"_links":{"self":[{"href":"https:\/\/saho-maschinen.de\/cs\/wp-json\/wp\/v2\/product\/12227"}],"collection":[{"href":"https:\/\/saho-maschinen.de\/cs\/wp-json\/wp\/v2\/product"}],"about":[{"href":"https:\/\/saho-maschinen.de\/cs\/wp-json\/wp\/v2\/types\/product"}],"replies":[{"embeddable":true,"href":"https:\/\/saho-maschinen.de\/cs\/wp-json\/wp\/v2\/comments?post=12227"}],"wp:featuredmedia":[{"embeddable":true,"href":"https:\/\/saho-maschinen.de\/cs\/wp-json\/wp\/v2\/media\/12223"}],"wp:attachment":[{"href":"https:\/\/saho-maschinen.de\/cs\/wp-json\/wp\/v2\/media?parent=12227"}],"wp:term":[{"taxonomy":"product_cat","embeddable":true,"href":"https:\/\/saho-maschinen.de\/cs\/wp-json\/wp\/v2\/product_cat?post=12227"},{"taxonomy":"product_tag","embeddable":true,"href":"https:\/\/saho-maschinen.de\/cs\/wp-json\/wp\/v2\/product_tag?post=12227"}],"curies":[{"name":"wp","href":"https:\/\/api.w.org\/{rel}","templated":true}]}}