{"id":11118,"date":"2023-02-22T09:31:40","date_gmt":"2023-02-22T09:31:40","guid":{"rendered":"https:\/\/saho-maschinen.de\/?page_id=11118"},"modified":"2024-04-01T21:20:27","modified_gmt":"2024-04-01T21:20:27","slug":"impressum","status":"publish","type":"page","link":"https:\/\/saho-maschinen.de\/cs\/impressum\/","title":{"rendered":"Otisk"},"content":{"rendered":"<div data-elementor-type=\"wp-page\" data-elementor-id=\"11118\" class=\"elementor elementor-11118\" data-elementor-post-type=\"page\">\n\t\t\t\t\t\t<section data-particle_enable=\"false\" data-particle-mobile-disabled=\"false\" class=\"elementor-section elementor-top-section elementor-element elementor-element-5bb1988 elementor-section-boxed elementor-section-height-default elementor-section-height-default\" data-id=\"5bb1988\" data-element_type=\"section\">\n\t\t\t\t\t\t<div class=\"elementor-container elementor-column-gap-default\">\n\t\t\t\t\t<div class=\"elementor-column elementor-col-100 elementor-top-column elementor-element elementor-element-78a052c top column-style-top\" data-id=\"78a052c\" data-element_type=\"column\">\n\t\t\t<div class=\"elementor-widget-wrap elementor-element-populated\">\n\t\t\t\t\t\t<div class=\"elementor-element elementor-element-0d8eabf elementor-widget elementor-widget-html\" data-id=\"0d8eabf\" data-element_type=\"widget\" data-widget_type=\"html.default\">\n\t\t\t\t<div class=\"elementor-widget-container\">\n\t\t\t<h1>Otisk<\/h1>\r\n\r\n<h2>Informace podle \u00a7 5 TMG<\/h2>\r\n<p>Sascha Hof<br \/>\r\nN\u00e1kup\/prodej CNC soustruh\u016f a fr\u00e9zek<br \/>\r\nLu\u010dn\u00ed cesta 14<br \/>\r\n86759 Holzkirchen<\/p>\r\n\r\n<h2>Kontakt<\/h2>\r\n<p>Telefon: 09085 26897-0<br \/>\r\nE-mail: kontakt@saho-maschinen.de<\/p>\r\n\r\n<h2>DI\u010c PRO DPH<\/h2>\r\n<p>Identifika\u010dn\u00ed \u010d\u00edslo pro da\u0148 z obratu podle \u00a7 27a z\u00e1kona o dani z obratu:<br \/>\r\nDE244695609<\/p>\r\n\r\n<h2>Redak\u010dn\u00ed odpov\u011bdnost<\/h2>\r\n<p>Flat-Consulting <br \/>\r\nLange Gasse 10<br \/>\r\n86152 Augsburg<\/p>\r\n\r\n<h2>\u0158e\u0161en\u00ed spor\u016f v EU<\/h2>\r\n<p>Evropsk\u00e1 komise poskytuje platformu pro online \u0159e\u0161en\u00ed spor\u016f (ODR): <a href=\"https:\/\/ec.europa.eu\/consumers\/odr\/\" target=\"_blank\" rel=\"noopener noreferrer\">https:\/\/ec.europa.eu\/consumers\/odr\/<\/a>.<br \/> Na\u0161i e-mailovou adresu najdete v tir\u00e1\u017ei v\u00fd\u0161e.<\/p>\r\n\r\n<h2>\u0158e\u0161en\u00ed spot\u0159ebitelsk\u00fdch spor\u016f\/Univerz\u00e1ln\u00ed rozhod\u010d\u00ed komise<\/h2>\r\n<p>\u00da\u010dastn\u00edme se \u0159\u00edzen\u00ed o \u0159e\u0161en\u00ed spor\u016f p\u0159ed spot\u0159ebitelskou rozhod\u010d\u00ed komis\u00ed. Univerz\u00e1ln\u00ed rozhod\u010d\u00ed komise spole\u010dnosti Zentrum f\u00fcr Schlichtung e.V., Stra\u00dfburger Stra\u00dfe 8, 77694 Kehl am Rhein (<a href=\"https:\/\/www.verbraucher-schlichter.de\" rel=\"noopener noreferrer\" target=\"_blank\">https:\/\/www.verbraucher-schlichter.de<\/a>).<\/p>\t\t<\/div>\n\t\t\t\t<\/div>\n\t\t\t\t\t<\/div>\n\t\t<\/div>\n\t\t\t\t\t<\/div>\n\t\t<\/section>\n\t\t\t\t<\/div>","protected":false},"excerpt":{"rendered":"<p>Tir\u00e1\u017e Informace podle \u00a7 5 TMG Sascha Hof CNC Dreh &amp; Fr\u00e4smaschinen An-\/Verkauf Wiesenweg 14 86759 Holzkirchen Kontakt Telefon: 09085 26897-0 E-mail: kontakt@saho-maschinen.de DI\u010c DI\u010c podle \u00a7 27 a Umsatzsteuergesetz: DE244695609 Odpov\u011bdn\u00e1 redakce Flat-Consulting Lange Gasse 10 86152 Augsburg \u0158e\u0161en\u00ed spor\u016f v EU Evropsk\u00e1 komise poskytuje platformu pro \u0159e\u0161en\u00ed spor\u016f online (OS): https:\/\/ec.europa.eu\/consumers\/odr\/. Na\u0161i e-mailovou adresu naleznete [...]<\/p>","protected":false},"author":1,"featured_media":0,"parent":0,"menu_order":0,"comment_status":"closed","ping_status":"closed","template":"","meta":{"om_disable_all_campaigns":false,"footnotes":""},"aioseo_notices":[],"jetpack_sharing_enabled":true,"_links":{"self":[{"href":"https:\/\/saho-maschinen.de\/cs\/wp-json\/wp\/v2\/pages\/11118"}],"collection":[{"href":"https:\/\/saho-maschinen.de\/cs\/wp-json\/wp\/v2\/pages"}],"about":[{"href":"https:\/\/saho-maschinen.de\/cs\/wp-json\/wp\/v2\/types\/page"}],"author":[{"embeddable":true,"href":"https:\/\/saho-maschinen.de\/cs\/wp-json\/wp\/v2\/users\/1"}],"replies":[{"embeddable":true,"href":"https:\/\/saho-maschinen.de\/cs\/wp-json\/wp\/v2\/comments?post=11118"}],"version-history":[{"count":12,"href":"https:\/\/saho-maschinen.de\/cs\/wp-json\/wp\/v2\/pages\/11118\/revisions"}],"predecessor-version":[{"id":12638,"href":"https:\/\/saho-maschinen.de\/cs\/wp-json\/wp\/v2\/pages\/11118\/revisions\/12638"}],"wp:attachment":[{"href":"https:\/\/saho-maschinen.de\/cs\/wp-json\/wp\/v2\/media?parent=11118"}],"curies":[{"name":"wp","href":"https:\/\/api.w.org\/{rel}","templated":true}]}}